{"id":88,"date":"2015-01-04T10:17:04","date_gmt":"2015-01-04T09:17:04","guid":{"rendered":"http:\/\/serverle.ilw.uni-stuttgart.de\/fheh\/?page_id=88"},"modified":"2016-10-16T09:17:34","modified_gmt":"2016-10-16T07:17:34","slug":"poetik-als-wissensgebiet-im-kontext-der-aesthetik-1800-1960","status":"publish","type":"page","link":"https:\/\/fheh.org\/?page_id=88","title":{"rendered":"Poetik als Wissensgebiet im Kontext der \u00c4sthetik, 1800-1960"},"content":{"rendered":"<p style=\"color: #333333;\"><span style=\"font-weight: bold; font-style: inherit; color: #666666;\">Bearbeitung:\u00a0<\/span>Sandra Richter<\/p>\n<p style=\"color: #333333;\">Poetik meint Text-, vor allem aber Literaturtheorie. Im Ausgang von der \u00c4sthetik des mittleren und sp\u00e4ten 18. Jahrhunderts findet sie unter den Bedingungen gesteigerter methodischer Komplexit\u00e4t statt. Hinzu kommt die Entstehung der Nationalphilologien, welche die Spezialisierung der Poetik noch bef\u00f6rdern, ohne sie jedoch von den Debatten und Innovationen anderer Wissensbereiche abzuschirmen. Im Gegenteil: Poetik entwickelt sich im Austausch mit zahlreichen Gebieten (z.B. der Erfahrungsseelenlehre, der V\u00f6lkerpsychologie und der Sprachtheorie) weiter. In der Folge umfa\u00dft Poetik ein breites Spektrum von Texten: gelehrte Poetiken, wissenschaftliche Poetiken, poetologische Kapitel zahlreicher \u00c4sthetiken, Schulpoetiken, mitunter auch Teilkapitel in Rhetoriken, Grammatiken und Stilistiken.<\/p>\n<p style=\"color: #333333;\">Dieses Korpus der Poetik erschlie\u00dfen Anja Hill-Zenk und Sandra Richter im Rahmen der DFG-Nachwuchsgruppe Poetologische Reflexion. Poetik und poetologische Lyrik im Kontext \u00e4sthetischer Theorie. Das Korpus wird bibliographisch, wissens- und wissenschaftsgeschichtlich in einer Monographie aufbereitet, die an Sandra Potts Buch \u201ePoetiken\u201c (de Gruyter 2004) anschlie\u00dft. Dabei geht es uns vornehmlich um deutsche und englische Poetiken. Anschlu\u00dfprojekte wie ein europ\u00e4isches Netzwerk zur Geschichte der Poetik sind geplant.<\/p>\n<p style=\"color: #333333;\"><em style=\"font-weight: inherit;\"><span style=\"font-weight: bold; font-style: inherit; color: #666666;\">Vorarbeiten<\/span><\/em><\/p>\n<p style=\"color: #333333;\">Richter, Sandra:\u00a0<a href=\"https:\/\/fheh.org\/wp-content\/uploads\/2016\/07\/poeticarichter.pdf\">A History of Poetics<\/a>. German Scholarly Poetics and Aesthetics in International Context, 1770-1960. With a Bibliography of Poetics by Anja Hill-Zenk, Jasmin Azazmah<span style=\"font-weight: bold; font-style: inherit; color: #666666;\">\u00a0<\/span>and Sandra Richter. Berlin\/New York 2010; Auszug als FHEH-Preprint, PDF-Dokument.<\/p>\n<p style=\"color: #333333;\"><span style=\"font-weight: bold; font-style: inherit; color: #666666;\">Kontakt:\u00a0<\/span><a style=\"font-weight: inherit; font-style: inherit; color: #333333;\" title=\"Richter, Sandra\" href=\"https:\/\/fheh.org\/?page_id=2274\">Sandra Richter<\/a><\/p>\n","protected":false},"excerpt":{"rendered":"<p>Bearbeitung:\u00a0Sandra Richter Poetik meint Text-, vor allem aber Literaturtheorie. Im Ausgang von der \u00c4sthetik des mittleren und sp\u00e4ten 18. Jahrhunderts findet sie unter den Bedingungen gesteigerter methodischer Komplexit\u00e4t statt. Hinzu kommt die Entstehung der Nationalphilologien, welche die Spezialisierung der Poetik noch bef\u00f6rdern, ohne sie jedoch von den Debatten und Innovationen anderer Wissensbereiche abzuschirmen. Im Gegenteil: [&hellip;]<\/p>\n","protected":false},"author":1,"featured_media":0,"parent":25,"menu_order":3,"comment_status":"closed","ping_status":"closed","template":"","meta":[],"_links":{"self":[{"href":"https:\/\/fheh.org\/index.php?rest_route=\/wp\/v2\/pages\/88"}],"collection":[{"href":"https:\/\/fheh.org\/index.php?rest_route=\/wp\/v2\/pages"}],"about":[{"href":"https:\/\/fheh.org\/index.php?rest_route=\/wp\/v2\/types\/page"}],"author":[{"embeddable":true,"href":"https:\/\/fheh.org\/index.php?rest_route=\/wp\/v2\/users\/1"}],"replies":[{"embeddable":true,"href":"https:\/\/fheh.org\/index.php?rest_route=%2Fwp%2Fv2%2Fcomments&post=88"}],"version-history":[{"count":1,"href":"https:\/\/fheh.org\/index.php?rest_route=\/wp\/v2\/pages\/88\/revisions"}],"predecessor-version":[{"id":2920,"href":"https:\/\/fheh.org\/index.php?rest_route=\/wp\/v2\/pages\/88\/revisions\/2920"}],"up":[{"embeddable":true,"href":"https:\/\/fheh.org\/index.php?rest_route=\/wp\/v2\/pages\/25"}],"wp:attachment":[{"href":"https:\/\/fheh.org\/index.php?rest_route=%2Fwp%2Fv2%2Fmedia&parent=88"}],"curies":[{"name":"wp","href":"https:\/\/api.w.org\/{rel}","templated":true}]}}