{"id":70,"date":"2015-01-03T21:02:34","date_gmt":"2015-01-03T20:02:34","guid":{"rendered":"http:\/\/serverle.ilw.uni-stuttgart.de\/fheh\/?page_id=70"},"modified":"2015-01-03T21:02:34","modified_gmt":"2015-01-03T20:02:34","slug":"kooperationen","status":"publish","type":"page","link":"https:\/\/fheh.org\/?page_id=70","title":{"rendered":"Kooperationen"},"content":{"rendered":"\n<!-- Page-list plugin v.5.6 wordpress.org\/plugins\/page-list\/ -->\n<ul class=\"page-list subpages-page-list \">\n<li class=\"page_item page-item-2724\"><a href=\"https:\/\/fheh.org\/?page_id=2724\">Hamburger Arbeitsstelle f\u00fcr Geschichte des Wissens und der Literatur (AGWL)<\/a><\/li>\n<li class=\"page_item page-item-2225\"><a href=\"https:\/\/fheh.org\/?page_id=2225\">Zentrum f\u00fcr Wissenschaftsgeschichte der Karl-Franzens-Universit\u00e4t Graz<\/a><\/li>\n<li class=\"page_item page-item-2226\"><a href=\"https:\/\/fheh.org\/?page_id=2226\">Arbeitsstelle f\u00fcr Theorie der Literatur (Universit\u00e4t G\u00f6ttingen)<\/a><\/li>\n<li class=\"page_item page-item-2227\"><a href=\"https:\/\/fheh.org\/?page_id=2227\">Arbeitsstelle f\u00fcr Fachgeschichte der Germanistik (Humboldt-Universit\u00e4t zu Berlin)<\/a><\/li>\n<li class=\"page_item page-item-2228\"><a href=\"https:\/\/fheh.org\/?page_id=2228\">Arbeitsstelle f\u00fcr die Erforschung der Geschichte der Germanistik (DLA Marbach)<\/a><\/li>\n<li class=\"page_item page-item-2230\"><a href=\"https:\/\/fheh.org\/?page_id=2230\">Forschungsstelle Savoirs, textes, langage (Universit\u00e4t Lille III)<\/a><\/li>\n<li class=\"page_item page-item-2231\"><a href=\"https:\/\/fheh.org\/?page_id=2231\">Interdisziplin\u00e4res Centrum f\u00fcr Narratologie (Universit\u00e4t Hamburg)<\/a><\/li>\n<li class=\"page_item page-item-3651\"><a href=\"https:\/\/fheh.org\/?page_id=3651\">Arbeitsgruppe Albrecht (Univ. Heidelberg)<\/a><\/li>\n<li class=\"page_item page-item-2232\"><a href=\"https:\/\/fheh.org\/?page_id=2232\">Arbeitsstelle Grimm-Briefwechsel (Humboldt-Universit\u00e4t zu Berlin)<\/a><\/li>\n<li class=\"page_item page-item-2945\"><a href=\"https:\/\/fheh.org\/?page_id=2945\">Stuttgart Research Centre for Text Studies (SRCTS)<\/a><\/li>\n\n<\/ul>\n","protected":false},"excerpt":{"rendered":"","protected":false},"author":1,"featured_media":0,"parent":0,"menu_order":6,"comment_status":"closed","ping_status":"closed","template":"","meta":[],"_links":{"self":[{"href":"https:\/\/fheh.org\/index.php?rest_route=\/wp\/v2\/pages\/70"}],"collection":[{"href":"https:\/\/fheh.org\/index.php?rest_route=\/wp\/v2\/pages"}],"about":[{"href":"https:\/\/fheh.org\/index.php?rest_route=\/wp\/v2\/types\/page"}],"author":[{"embeddable":true,"href":"https:\/\/fheh.org\/index.php?rest_route=\/wp\/v2\/users\/1"}],"replies":[{"embeddable":true,"href":"https:\/\/fheh.org\/index.php?rest_route=%2Fwp%2Fv2%2Fcomments&post=70"}],"version-history":[{"count":1,"href":"https:\/\/fheh.org\/index.php?rest_route=\/wp\/v2\/pages\/70\/revisions"}],"predecessor-version":[{"id":3279,"href":"https:\/\/fheh.org\/index.php?rest_route=\/wp\/v2\/pages\/70\/revisions\/3279"}],"wp:attachment":[{"href":"https:\/\/fheh.org\/index.php?rest_route=%2Fwp%2Fv2%2Fmedia&parent=70"}],"curies":[{"name":"wp","href":"https:\/\/api.w.org\/{rel}","templated":true}]}}