{"id":3917,"date":"2020-07-22T08:19:16","date_gmt":"2020-07-22T06:19:16","guid":{"rendered":"http:\/\/fheh.org\/?page_id=3917"},"modified":"2020-07-22T14:13:02","modified_gmt":"2020-07-22T12:13:02","slug":"imaginierte-und-reale-bibliotheken","status":"publish","type":"page","link":"https:\/\/fheh.org\/?page_id=3917","title":{"rendered":"Imaginierte und reale Bibliotheken"},"content":{"rendered":"\n<p><strong>Bearbeitung:  Dirk Werle<\/strong><\/p>\n\n\n\n<p>Ziel des Projekts ist es, Bibliotheken als Orte des Sammelns, Archivierens, Erschlie\u00dfens, Ordnens und Bereitstellens von B\u00fcchern in der Interaktion von epistemischer Reflaxion und literarischer Imagination historisch und theoretisch zu erforschen. Dabei spielen die Spannungsverh\u00e4ltnisse zwischen dem einen Buch und den vielen B\u00fcchern, zwischen Universalit\u00e4tsstreben und Totalverlust sowie zwischen enzyklop\u00e4discher Ordnung und labyrinthischer Verwirrung &nbsp;eine wichtige Rolle.<\/p>\n\n\n\n<p><\/p>\n\n\n\n<p><strong>Publikationen:<\/strong> <\/p>\n\n\n\n<p>Dirk Werle: Bibliotheken, in: Eric Schilling (Hrsg.): Umberto-Eco-Handbuch, Stuttgart und Weimar 2021 [in Vorbereitung].<\/p>\n\n\n\n<p>Dirk Werle, Autorschaft und Bibliothek. Literaturtheoretische Perspektiven, in: Stefan H\u00f6ppner u.a. (Hrsg.): Autorschaft und Bibliothek. Sammlungsstrategien und Schreibverfahren, G\u00f6ttingen 2018 (Kulturen des Sammelns 2), S. 23\u201334.<\/p>\n\n\n\n<p>Dirk Werle, Literaturtheorie als Bibliothekstheorie, in: Stefan Alker und Achim H\u00f6lter (Hrsg.): Literaturwissenschaft und Bibliotheken, G\u00f6ttingen 2015 (Bibliothek im Kontext 2), S. 13\u201326.<\/p>\n\n\n\n<p>Dirk Werle, <em>Copia librorum.<\/em>&nbsp;Problemgeschichte imaginierter Bibliotheken 1580\u20131630, T\u00fcbingen 2007 (Fr\u00fche Neuzeit 119).<\/p>\n\n\n\n<p><\/p>\n\n\n\n<p><\/p>\n","protected":false},"excerpt":{"rendered":"<p>Bearbeitung: Dirk Werle Ziel des Projekts ist es, Bibliotheken als Orte des Sammelns, Archivierens, Erschlie\u00dfens, Ordnens und Bereitstellens von B\u00fcchern in der Interaktion von epistemischer Reflaxion und literarischer Imagination historisch und theoretisch zu erforschen. Dabei spielen die Spannungsverh\u00e4ltnisse zwischen dem einen Buch und den vielen B\u00fcchern, zwischen Universalit\u00e4tsstreben und Totalverlust sowie zwischen enzyklop\u00e4discher Ordnung und [&hellip;]<\/p>\n","protected":false},"author":2,"featured_media":0,"parent":40,"menu_order":9,"comment_status":"closed","ping_status":"closed","template":"","meta":[],"_links":{"self":[{"href":"https:\/\/fheh.org\/index.php?rest_route=\/wp\/v2\/pages\/3917"}],"collection":[{"href":"https:\/\/fheh.org\/index.php?rest_route=\/wp\/v2\/pages"}],"about":[{"href":"https:\/\/fheh.org\/index.php?rest_route=\/wp\/v2\/types\/page"}],"author":[{"embeddable":true,"href":"https:\/\/fheh.org\/index.php?rest_route=\/wp\/v2\/users\/2"}],"replies":[{"embeddable":true,"href":"https:\/\/fheh.org\/index.php?rest_route=%2Fwp%2Fv2%2Fcomments&post=3917"}],"version-history":[{"count":2,"href":"https:\/\/fheh.org\/index.php?rest_route=\/wp\/v2\/pages\/3917\/revisions"}],"predecessor-version":[{"id":3919,"href":"https:\/\/fheh.org\/index.php?rest_route=\/wp\/v2\/pages\/3917\/revisions\/3919"}],"up":[{"embeddable":true,"href":"https:\/\/fheh.org\/index.php?rest_route=\/wp\/v2\/pages\/40"}],"wp:attachment":[{"href":"https:\/\/fheh.org\/index.php?rest_route=%2Fwp%2Fv2%2Fmedia&parent=3917"}],"curies":[{"name":"wp","href":"https:\/\/api.w.org\/{rel}","templated":true}]}}