{"id":3483,"date":"2017-10-31T08:28:40","date_gmt":"2017-10-31T07:28:40","guid":{"rendered":"http:\/\/fheh.org\/?page_id=3483"},"modified":"2018-07-29T09:56:42","modified_gmt":"2018-07-29T07:56:42","slug":"joerg-schoenert-akademischer-lebenslauf","status":"publish","type":"page","link":"https:\/\/fheh.org\/?page_id=3483","title":{"rendered":"J\u00f6rg Sch\u00f6nert, Akademischer Lebenslauf"},"content":{"rendered":"<p><span style=\"font-family: Palatino, Book Antiqua, serif;\"><span style=\"font-size: small;\">(geb. 07. 10. 1941 in Jena; im Juli 1956 \u00dcbersiedelung \u2013 ohne beh\u00f6rdliche Genehmigung \u2013 nach M\u00fcnchen; Besuch der Oberrealschule M\u00fcnchen-Pasing, im Juli 1961 Abitur.)<\/span><\/span><\/p>\n<p><span style=\"font-family: Palatino, Book Antiqua, serif;\"><span style=\"font-size: small;\">1961 Studium der Germanistik und Anglistik sowie der Philosophie, Soziologie und Politologie an den Universit\u00e4ten M\u00fcnchen, Z\u00fcrich und Reading. Zun\u00e4chst Bayer. Staatsstipendium f\u00fcr besonders Begabte, dann Stipendiat der Studienstiftung des deutschen Volkes. <\/span><\/span><\/p>\n<p><span style=\"font-family: Palatino, Book Antiqua, serif;\"><span style=\"font-size: small;\">1968 Promotion in \u2018Neuerer deutscher Literatur\u2019 an der Universit\u00e4t M\u00fcnchen, dort Wiss. Assistent (bei W. M\u00fcller- Seidel) und Oberassistent.<\/span><\/span><\/p>\n<p><span style=\"font-family: Palatino, Book Antiqua, serif;\"><span style=\"font-size: small;\">1977 Habilitation f\u00fcr \u2018Neuere deutsche Literatur\u2019 an der Universit\u00e4t M\u00fcnchen.<\/span><\/span><\/p>\n<p><span style=\"font-family: Palatino, Book Antiqua, serif;\"><span style=\"font-size: small;\">1980 Professur (C3) f\u00fcr \u2018Neuere deutsche Literatur\u2019 an der RWTH Aachen.<\/span><\/span><\/p>\n<p><span style=\"font-family: Palatino, Book Antiqua, serif;\"><span style=\"font-size: small;\">Seit 1983 Professur (C4) f\u00fcr \u2018Neuere deutsche Literatur\u2019 an der Universit\u00e4t Hamburg.<\/span><\/span><\/p>\n<p><span style=\"font-family: New York, Times New Roman, serif;\"><span style=\"font-size: medium;\"><span style=\"font-family: Palatino, Book Antiqua, serif;\"><span style=\"font-size: small;\">1988-1995 Gew\u00e4hlter Fachgutachter f\u00fcr die DFG (1991-1995 Fachausschuss-Vorsitzen-der).<\/span><\/span><\/span><\/span><\/p>\n<p><span style=\"font-family: Palatino, Book Antiqua, serif;\"><span style=\"font-size: small;\">1991-1997 Mitglied im Vorstand der Hochschullehrer(innen) im Deutschen Germanistenverband.<\/span><\/span><\/p>\n<p><span style=\"font-family: Palatino, Book Antiqua, serif;\"><span style=\"font-size: small;\">1992-1996 Mitglied der DFG-Senatskommission f\u00fcr Germanistische Forschung.<\/span><\/span><\/p>\n<p><span style=\"font-family: New York, Times New Roman, serif;\"><span style=\"font-size: medium;\"><span style=\"font-family: Palatino, Book Antiqua, serif;\"><span style=\"font-size: small;\">1993-1998 Mitglied im Vorstand der Deutschen Gesellschaft zur Erforschung des 18. Jahrhunderts (1996-1998 Pr\u00e4sident der Gesellschaft).<\/span><\/span><\/span><\/span><\/p>\n<p><span style=\"font-family: Palatino, Book Antiqua, serif;\"><span style=\"font-size: small;\">1996-2000 Mitglied im Vorstand der Kleist-Gesellschaft.<\/span><\/span><\/p>\n<p><span style=\"font-family: Palatino, Book Antiqua, serif;\"><span style=\"font-size: small;\">1997-2002 Mitglied des Senats- und Bewilligungsausschusses der DFG f\u00fcr die Sonderforschungsbereiche.<\/span><\/span><\/p>\n<p><span style=\"font-family: Palatino, Book Antiqua, serif;\"><span style=\"font-size: small;\">April 1997-<\/span><\/span><span style=\"font-family: Palatino, Book Antiqua, serif;\"><span style=\"font-size: small;\">M\u00e4rz 2002 Hauptmitglied und Gesch\u00e4ftsf\u00fchrender Vorsitzender des Planungsausschusses des Akademischen Senats der Universit\u00e4t Hamburg.<\/span><\/span><\/p>\n<p><span style=\"font-family: Palatino, Book Antiqua, serif;\"><span style=\"font-size: small;\">April 1997-<\/span><\/span><span style=\"font-family: Palatino, Book Antiqua, serif;\"><span style=\"font-size: small;\">M\u00e4rz 2001 Mitglied im Leitungsgremium des FB 07 der Universit\u00e4t Hamburg (Prodekan f\u00fcr Studium, Lehre und Forschung).<\/span><\/span><\/p>\n<p><span style=\"font-family: Palatino, Book Antiqua, serif;\"><span style=\"font-size: small;\">1999-2000 Mitglied und Vorsitzender der Fachkommission Germanistik bei der St\u00e4ndigen Konferenz der Kultusminister der L\u00e4nder in der BRD.<\/span><\/span><\/p>\n<p><span style=\"font-family: Palatino, Book Antiqua, serif;\"><span style=\"font-size: small;\">April 2001-<\/span><\/span><span style=\"font-family: Palatino, Book Antiqua, serif;\"><span style=\"font-size: small;\">M\u00e4rz 2007 Stellvertretender Sprecher der (DFG-)Forschergruppe Narratologie an der Universit\u00e4t Hamburg<\/span><\/span><\/p>\n<p><span style=\"font-family: Palatino, Book Antiqua, serif;\"><span style=\"font-size: small;\">Fr\u00fchjahr 2002\u00a0<\/span><\/span><span style=\"font-family: Palatino, Book Antiqua, serif;\"><span style=\"font-size: small;\">bis Herbst 2003 Mitarbeit in der Arbeitsgruppe der DFG zur \u201aVerbesserung der F\u00f6rderungsverfahren in den Geisteswissenschaften\u2019.<\/span><\/span><\/p>\n<p><span style=\"font-family: Palatino, Book Antiqua, serif;\"><span style=\"font-size: small;\">April 2002\u00a0<\/span><\/span><span style=\"font-family: Palatino, Book Antiqua, serif;\"><span style=\"font-size: small;\">bis M\u00e4rz 2006 Stellvertretendes Mitglied im Planungsausschuss des Akademischen Senats der Universit\u00e4t Hamburg.<\/span><\/span><\/p>\n<p><span style=\"font-family: Palatino, Book Antiqua, serif;\"><span style=\"font-size: small;\">Sept. 2003\u00a0<\/span><\/span><span style=\"font-family: Palatino, Book Antiqua, serif;\"><span style=\"font-size: small;\">bis M\u00e4rz 2006 Stellvertretendes Mitglied im Akademischen Senat der Universit\u00e4t Hamburg.<\/span><\/span><\/p>\n<p><span style=\"font-family: Palatino, Book Antiqua, serif;\"><span style=\"font-size: small;\">April 2007 Versetzung in den Ruhestand.<\/span><\/span><\/p>\n<p class=\"western\"><span style=\"font-family: Palatino, Book Antiqua, serif;\"><u>Mitwirkung an Fach-Evaluationen:<\/u><\/span><\/p>\n<p class=\"western\"><span style=\"font-family: Palatino, Book Antiqua, serif;\">&#8211; 1986: Forschungsschwerpunkt \u201aSp\u00e4taufkl\u00e4rung\u2019 an der Universit\u00e4t Bremen,<\/span><\/p>\n<p class=\"western\"><span style=\"font-family: Palatino, Book Antiqua, serif;\">&#8211; 1994\/95: Germanistik der Universit\u00e4ten des Bundeslandes Hessen (als ausw\u00e4rtiger Experte f\u00fcr Neuere deutsche Literatur),<\/span><\/p>\n<p class=\"western\"><span style=\"font-family: Palatino, Book Antiqua, serif;\">&#8211; 1998: Interdisziplin\u00e4res Zentrum f\u00fcr die Erforschung der Europ\u00e4ischen Aufkl\u00e4rung Halle,<\/span><\/p>\n<p class=\"western\"><span style=\"font-family: Palatino, Book Antiqua, serif;\">&#8211; Kulturwissenschaftliches Zentrum der Universit\u00e4t GHS Kassel, <\/span><\/p>\n<p class=\"western\"><span style=\"font-family: Palatino, Book Antiqua, serif;\">&#8211; Germanistik der Universit\u00e4t T\u00fcbingen, <\/span><\/p>\n<p class=\"western\"><span style=\"font-family: Palatino, Book Antiqua, serif;\">&#8211; Januar \/ April 2004: Forschungsleistungen der Germanistik (und angrenzender F\u00e4cher) der Universit\u00e4ten des Landes Niedersachsen (als Sprecher der Gutachtergruppe), <\/span><\/p>\n<p class=\"western\"><span style=\"font-family: Palatino, Book Antiqua, serif;\">&#8211; 2005\/06: Germanistik der Universit\u00e4ten Leipzig \u2013 Halle \u2013 Jena,<\/span><\/p>\n<p class=\"western\"><span style=\"font-family: Palatino, Book Antiqua, serif;\">&#8211; 2007: Geistes- und kulturwissenschaftliche Projekte der \u00d6sterreichischen Akademie der Wissenschaften,<\/span><\/p>\n<p class=\"western\"><span style=\"font-family: Palatino, Book Antiqua, serif;\">&#8211; 2007\/08: Fakult\u00e4t f\u00fcr Geistes- und Sozialwissenschaften der Universit\u00e4t Karlsruhe (als Sprecher der Gutachtergruppe). <\/span><\/p>\n<p class=\"western\"><span style=\"font-family: Palatino, Book Antiqua, serif;\"><u>Mitwirkung in der \u201aExzellenzinitiative\u2019:<\/u><\/span><\/p>\n<p class=\"western\"><span style=\"font-family: Palatino, Book Antiqua, serif;\">&#8211; Gutachter f\u00fcr die \u201aExzellenzinitiative\u2019 \/ Zukunftsuniversit\u00e4ten 2006 (Freiburg i.B., FU Berlin),<\/span><\/p>\n<p class=\"western\"><span style=\"font-family: Palatino, Book Antiqua, serif;\">&#8211; Gutachter f\u00fcr die \u201aExzellenzinitiative\u2019 \/ Zukunftsuniversit\u00e4ten 2007 (Freiburg i.B.).<\/span><\/p>\n<p>&nbsp;<\/p>\n<p class=\"western\">\n","protected":false},"excerpt":{"rendered":"<p>(geb. 07. 10. 1941 in Jena; im Juli 1956 \u00dcbersiedelung \u2013 ohne beh\u00f6rdliche Genehmigung \u2013 nach M\u00fcnchen; Besuch der Oberrealschule M\u00fcnchen-Pasing, im Juli 1961 Abitur.) 1961 Studium der Germanistik und Anglistik sowie der Philosophie, Soziologie und Politologie an den Universit\u00e4ten M\u00fcnchen, Z\u00fcrich und Reading. Zun\u00e4chst Bayer. Staatsstipendium f\u00fcr besonders Begabte, dann Stipendiat der Studienstiftung des [&hellip;]<\/p>\n","protected":false},"author":2,"featured_media":0,"parent":2276,"menu_order":2,"comment_status":"closed","ping_status":"closed","template":"","meta":[],"_links":{"self":[{"href":"https:\/\/fheh.org\/index.php?rest_route=\/wp\/v2\/pages\/3483"}],"collection":[{"href":"https:\/\/fheh.org\/index.php?rest_route=\/wp\/v2\/pages"}],"about":[{"href":"https:\/\/fheh.org\/index.php?rest_route=\/wp\/v2\/types\/page"}],"author":[{"embeddable":true,"href":"https:\/\/fheh.org\/index.php?rest_route=\/wp\/v2\/users\/2"}],"replies":[{"embeddable":true,"href":"https:\/\/fheh.org\/index.php?rest_route=%2Fwp%2Fv2%2Fcomments&post=3483"}],"version-history":[{"count":4,"href":"https:\/\/fheh.org\/index.php?rest_route=\/wp\/v2\/pages\/3483\/revisions"}],"predecessor-version":[{"id":3617,"href":"https:\/\/fheh.org\/index.php?rest_route=\/wp\/v2\/pages\/3483\/revisions\/3617"}],"up":[{"embeddable":true,"href":"https:\/\/fheh.org\/index.php?rest_route=\/wp\/v2\/pages\/2276"}],"wp:attachment":[{"href":"https:\/\/fheh.org\/index.php?rest_route=%2Fwp%2Fv2%2Fmedia&parent=3483"}],"curies":[{"name":"wp","href":"https:\/\/api.w.org\/{rel}","templated":true}]}}