{"id":3389,"date":"2017-06-18T09:29:48","date_gmt":"2017-06-18T07:29:48","guid":{"rendered":"http:\/\/fheh.org\/?page_id=3389"},"modified":"2020-01-24T20:44:48","modified_gmt":"2020-01-24T19:44:48","slug":"sobre-fheh","status":"publish","type":"page","link":"https:\/\/fheh.org\/?page_id=3389","title":{"rendered":"Sobre FHEH"},"content":{"rendered":"<p><a href=\"https:\/\/fheh.org\/?page_id=3205\">Please klick here for an English version of this page<\/a>!<br \/>\n<a href=\"https:\/\/fheh.org\/\">Dieser Link f\u00fchrt zu einer \u00a0deutschen Version dieser Seite<\/a>!<br \/>\n<a href=\"https:\/\/fheh.org\/?page_id=3800\">Veuillez cliquer ici pour une version fran\u00e7aise de cette page!<\/a><\/p>\n<p>El centro de investigaci\u00f3n epistemolog\u00eda hist\u00f3rica y hermen\u00e9utica es una red interdisciplinaria y interinstitutional que apoya el dise\u00f1o y la implementaci\u00f3n de proyectos de investigaci\u00f2n de Filosof\u00eca de la Ciencia y Historia de la Ciencia especialmente Humanidades y Estudios Culturales.<\/p>\n<h2>Proyectos actuales<\/h2>\n<p>DFG proyecto (Albrecht\/ Danneberg\/Klausnitzer\/ Mateescu\/ Skowronski) \u201cWir sagen ab der internationalen Gelehrtenrepublik?\u201d Relaciones internationales acadmicas en Alemania de 1933 hasta 1945<\/p>\n<p>VW \u2013 Opus magnum (Danneberg) <a href=\"https:\/\/fheh.org\/?page_id=324\">Ordo inversus. Para romper una figura pensativa en filosof\u00eda. Filosof\u00eda de naturaleza y hermen\u00e9utica y los ensayos de curar y substituirla.<\/a><\/p>\n<p>Proyecto Ralf Klausnitzer, Wilhelm Schernus, J\u00f6rg Sch\u00f6nert: <a href=\"https:\/\/fheh.org\/?page_id=2797\">Wilhelm Emrich: El curriculum acad\u00e9mico y profesional de un humanista antes, durante y despu\u00e9s del tiempo NS (Nacional Socialismo).<\/a><\/p>\n<h2>Eventos actuales<\/h2>\n<p>Max Bense \u2013 obra, contexto, efecto \u2013 2\/3. febrero 2018, Stuttgart Universidad\/ SRCTS (el progama signe)<\/p>\n<p>\u201cZwischenv\u00f6lkische Aussprache\u201d. Relaciones de sciencia internacionales en revistas de sciencia 1933-45, 02. hasta 04. 11.2017. Humboldt Universidad Berlin (el programa sigue)<\/p>\n<p>Argumentaci\u00f3n en la sciencia literaria (Universidad de Stuttgart, junio 2017, organizado de Simone Winko y Marcus Willand\u00a0<strong>(<\/strong><a href=\"https:\/\/fheh.org\/wp-content\/uploads\/2015\/01\/Argumentationsworkshop2017STU.pdf\">Programm<\/a><strong>)<\/strong><\/p>\n<p>El curso (taller): <a href=\"https:\/\/fheh.org\/?page_id=2811\">La ciencia literaria del ideario<\/a>. Conceptos y categor\u00edas \u2013 Heidelberg 2.\/3. junio 2016<\/p>\n<h2>Publicaciones actuales:<\/h2>\n<div>\n<p>Ordo inversus. Formen und Funktionen einer Denkfigur um 1800. Hg. v. Andrea Albrecht, Franziska Bomski, Lutz Danneberg, Berlin 2020 (Reihe:Historia Hermeneutica. Series Studia 19)<br \/>\n<a href=\"https:\/\/www.degruyter.com\/viewbooktoc\/product\/529570\">Verlagsseite<\/a>\u00a0<a href=\"https:\/\/www.degruyter.com\/downloadpdf\/books\/9783110656930\/9783110656930-toc\/9783110656930-toc.pdf\">Inhaltsverzeichnis<\/a><\/p>\n<p><img decoding=\"async\" loading=\"lazy\" class=\" wp-image-3844 aligncenter\" src=\"https:\/\/fheh.org\/wp-content\/uploads\/2020\/01\/ordocover-203x300.jpg\" sizes=\"(max-width: 183px) 100vw, 183px\" srcset=\"https:\/\/fheh.org\/wp-content\/uploads\/2020\/01\/ordocover-203x300.jpg 203w, https:\/\/fheh.org\/wp-content\/uploads\/2020\/01\/ordocover.jpg 339w\" alt=\"\" width=\"183\" height=\"270\" \/><\/p>\n<p>Andrea Albrecht\/Masetto Bonitz\/Alexandra Skowronski\/Claus Zittel (Hg.): Max Bense. Werk \u2014 Kontext \u2014 Wirkung, Stuttgart 2019 (<a href=\"https:\/\/www.uni-heidelberg.de\/md\/neuphil\/gs\/ndl\/albrecht\/2019_book_maxbense-5-6.pdf\">Inhaltsverzeichnis<\/a>,\u00a0<a href=\"https:\/\/www.springer.com\/de\/book\/9783476047526\">Verlagsseite<\/a>).<\/p>\n<p><img decoding=\"async\" loading=\"lazy\" class=\"aligncenter\" src=\"https:\/\/www.uni-heidelberg.de\/md\/neuphil\/gs\/ndl\/albrecht\/fittosize_150_225_02e5296b886e35ca9594336fed1312ef_maxbense.jpg\" alt=\"Maxbense\" width=\"150\" height=\"225\" data-node-id=\"\/2\/477\/639\/46909\/206470\/254528\/297513\" \/><\/p>\n<p>Lutz Danneberg: Hermeneutiken. Bedeutung und Methodologie, Berlin\/Boston 2018 (erscheint im Dez. 2018) Inhaltsverzeichnis,\u00a0<a href=\"https:\/\/www.degruyter.com\/view\/product\/495948?rskey=imUfJd&amp;result=1#\">Verlagsseite<\/a><\/p>\n<p><img decoding=\"async\" loading=\"lazy\" class=\"alignnone size-medium wp-image-3681\" src=\"https:\/\/fheh.org\/wp-content\/uploads\/2018\/11\/LuDaHermeneutiken-300x158.jpg\" sizes=\"(max-width: 300px) 100vw, 300px\" srcset=\"https:\/\/fheh.org\/wp-content\/uploads\/2018\/11\/LuDaHermeneutiken-300x158.jpg 300w, https:\/\/fheh.org\/wp-content\/uploads\/2018\/11\/LuDaHermeneutiken-768x403.jpg 768w, https:\/\/fheh.org\/wp-content\/uploads\/2018\/11\/LuDaHermeneutiken-1024x538.jpg 1024w, https:\/\/fheh.org\/wp-content\/uploads\/2018\/11\/LuDaHermeneutiken-624x328.jpg 624w, https:\/\/fheh.org\/wp-content\/uploads\/2018\/11\/LuDaHermeneutiken.jpg 1200w\" alt=\"\" width=\"300\" height=\"158\" \/><\/p>\n<p>J\u00f8rgen Sneis:\u00a0Ph\u00e4nomenologie und Textinterpretation.\u00a0Studien zur Theoriegeschichte und Methodik der Literaturwissenschaft (Historia Hermeneutica 17), Berlin\/Boston 2018. <a href=\"https:\/\/fheh.org\/wp-content\/uploads\/2018\/10\/sneisInhalt.pdf\">Inhaltsverzeichnis<\/a>, <a href=\"https:\/\/www.degruyter.com\/viewbooktoc\/product\/495597\">Verlagsseite<\/a><\/p>\n<p>Ralf Klausnitzer\/Wilhelm Schernus\/J\u00f6rg Sch\u00f6nert:\u00a0<a href=\"https:\/\/fheh.org\/?page_id=2797\">Wilhelm Emrich.\u00a0Zur Lebensgeschichte eines Geisteswissenschaftlers vor, in und nach der NS-Zeit<\/a>., 2 Bde.,\u00a0Stuttgart 2018<b>.\u00a0<\/b><\/p>\n<p>Andrea Albrecht, Lutz Danneberg, Simone de Angelis (Hg.), <a href=\"https:\/\/fheh.org\/?page_id=1643\">Die akademische \u201cAchse\u201d. Berlin \u2013 Rom?<\/a> Der wissenschaftlich-kulturelle Austausch zwischen Italien und Deutschland 1920 bis 1945. Berlin 2017<\/p>\n<p><a href=\"https:\/\/www.degruyter.com\/view\/j\/scipo.2018.22.issue-1\/issue-files\/scipo.2018.22.issue-1.xml\">Scientia Poetica 2018<\/a><\/p>\n<p>Lutz Danneberg, Bibliograf\u00eda selectiva:\u00a0<a href=\"https:\/\/fheh.org\/wp-content\/uploads\/2016\/07\/Goethe-V02.doc\">Goethe<\/a>\u00a0y las sciencias.<\/p>\n<p>Lutz Danneberg, <a href=\"https:\/\/fheh.org\/wp-content\/uploads\/2015\/01\/WunderBibliographie.doc\">Bibliografia<\/a> a milagros y su discusi\u00f3n.<\/p>\n<p>Lutz Danneberg,\u00a0Bibliografia\u00a0selectiva a disciplina, escuela y estilo (<a href=\"https:\/\/fheh.org\/wp-content\/uploads\/2016\/07\/Disziplin-Schule-Stil-V02_N-2-2.docx\">Disziplin-Schule-Stil<\/a>), versi\u00f3n 22.12.2019<\/p>\n<\/div>\n","protected":false},"excerpt":{"rendered":"<p>Please klick here for an English version of this page! Dieser Link f\u00fchrt zu einer \u00a0deutschen Version dieser Seite! Veuillez cliquer ici pour une version fran\u00e7aise de cette page! El centro de investigaci\u00f3n epistemolog\u00eda hist\u00f3rica y hermen\u00e9utica es una red interdisciplinaria y interinstitutional que apoya el dise\u00f1o y la implementaci\u00f3n de proyectos de investigaci\u00f2n de [&hellip;]<\/p>\n","protected":false},"author":2,"featured_media":0,"parent":2596,"menu_order":0,"comment_status":"closed","ping_status":"closed","template":"","meta":[],"_links":{"self":[{"href":"https:\/\/fheh.org\/index.php?rest_route=\/wp\/v2\/pages\/3389"}],"collection":[{"href":"https:\/\/fheh.org\/index.php?rest_route=\/wp\/v2\/pages"}],"about":[{"href":"https:\/\/fheh.org\/index.php?rest_route=\/wp\/v2\/types\/page"}],"author":[{"embeddable":true,"href":"https:\/\/fheh.org\/index.php?rest_route=\/wp\/v2\/users\/2"}],"replies":[{"embeddable":true,"href":"https:\/\/fheh.org\/index.php?rest_route=%2Fwp%2Fv2%2Fcomments&post=3389"}],"version-history":[{"count":20,"href":"https:\/\/fheh.org\/index.php?rest_route=\/wp\/v2\/pages\/3389\/revisions"}],"predecessor-version":[{"id":3848,"href":"https:\/\/fheh.org\/index.php?rest_route=\/wp\/v2\/pages\/3389\/revisions\/3848"}],"up":[{"embeddable":true,"href":"https:\/\/fheh.org\/index.php?rest_route=\/wp\/v2\/pages\/2596"}],"wp:attachment":[{"href":"https:\/\/fheh.org\/index.php?rest_route=%2Fwp%2Fv2%2Fmedia&parent=3389"}],"curies":[{"name":"wp","href":"https:\/\/api.w.org\/{rel}","templated":true}]}}