{"id":326,"date":"2015-01-04T15:21:33","date_gmt":"2015-01-04T14:21:33","guid":{"rendered":"http:\/\/serverle.ilw.uni-stuttgart.de\/fheh\/?page_id=326"},"modified":"2020-03-01T19:38:54","modified_gmt":"2020-03-01T18:38:54","slug":"philosophie-und-wissenschaftsbegriff-zwischen-1900-und-1945","status":"publish","type":"page","link":"https:\/\/fheh.org\/?page_id=326","title":{"rendered":"Philosophie- und Wissenschaftsbegriff zwischen 1900 und 1945"},"content":{"rendered":"<p style=\"font-style: inherit; font-weight: inherit;\"><b><span style=\"font-style: inherit;\">Bearbeitung: <\/span><\/b><span style=\"font-style: inherit;\">Andrea Albrecht, Lutz Danneberg, Ralf Klausnitzer, Dorit M\u00fcller, Alexandra Skowronski, Carlos Spoerhase<\/span><\/p>\n<p style=\"font-style: inherit; font-weight: inherit;\"><strong><em style=\"font-weight: inherit;\">Projekte<\/em><\/strong><\/p>\n<p style=\"font-style: inherit; font-weight: inherit;\"><span style=\"color: #25343a;\">Lutz Danneberg, Andrea Albrecht, Ralf Klausnitzer, <a href=\"http:\/\/ns-wissenschaft.fheh.org\/\">&#8220;Wir sagen ab der internationalen Gelehrtenrepublik&#8221;? Internationale\u00a0akademische Beziehungen Deutschlands von 1933 bis 1945<\/a>, DFG 2016-2019\u00a0<\/span><\/p>\n<p style=\"font-style: inherit; font-weight: inherit;\">Alexandra Skowronski<span style=\"font-style: inherit;\">,\u00a0<\/span><a title=\"Max Bense \u2013 Journalistische und philosophische Beitr\u00e4ge zwischen 1933 und 1950\" href=\"https:\/\/fheh.org\/?page_id=2465\">Max Bense\u00a0\u2013 Journalistische und philosophische Beitr\u00e4ge zwischen 1933 und 1950<\/a><\/p>\n<p style=\"font-style: inherit; font-weight: inherit;\"><em style=\"font-weight: inherit;\"><b><span style=\"font-style: inherit;\">Vorarbeiten<\/span><\/b><\/em><\/p>\n<ol style=\"font-style: inherit; font-weight: inherit;\">\n<li style=\"list-style-type: none;\">\n<ol style=\"font-style: inherit; font-weight: inherit;\">\n<li style=\"font-style: inherit; font-weight: inherit;\">Lutz Danneberg:\u00a0Deutsche Linie und Deutsche Wissenschaft: Eckhart, Cusanus, Paracelsus, Copernicus, B\u00f6hme, Kepler, Leibniz &amp; Co. \u2013 \u00fcberf\u00e4llige Forschungen zur Arbeit zwischen 1933 und 1945 an der\u00a0<em style=\"font-weight: inherit;\">Deutschen Linie des Denkens und F\u00fchlens<\/em>\u00a0und zur Diskussion eines\u00a0<em style=\"font-weight: inherit;\">nichttraditionellen Konzepts epistemischer G\u00fcte<\/em>. (In Vorbereitung)<\/li>\n<li style=\"font-style: inherit; font-weight: inherit;\">Andrea Albrecht: \u201e<a href=\"https:\/\/fheh.org\/wp-content\/uploads\/2016\/07\/AlbrechtHPeter1.pdf\">Wissenschaftliches R\u00fcstzeug<\/a>&#8220;. Zur Produktion volkswirtschaftlichen Wissens unter den Bedingungen nationalsozialistischer Herrschaft am Beispiel von Hans Peter (1898-1959). Version 20. 7. 2010, FHEH-Preprint PDF-Datei.<\/li>\n<li style=\"font-style: inherit; font-weight: inherit;\">Lutz Danneberg: Wissenschaftsbegriff und epistemischer <a href=\"https:\/\/fheh.org\/wp-content\/uploads\/2016\/07\/Relativismus-2.pdf\">Relativismus<\/a>: Nicolai Hartmanns Preisfrage\u00a0<em style=\"font-weight: inherit;\">Die inneren Gr\u00fcnde des philosophischen Relativismus und die M\u00f6glichkeit seiner \u00dcberwindung\u00a0<\/em>f\u00fcr die Preu\u00dfische Akademie der Wissenschaften 1936<em style=\"font-weight: inherit;\">.<\/em>\u00a0Erschien im Band zum 200. Jahrestag der Humboldt-Universit\u00e4t der Zeitschrift f\u00fcr Germanistik N.F. 2011, S. 173-216; wesentlich erweiterterte Version 21. 01. 2013; PDF-Dokument 3160 KB<\/li>\n<li style=\"font-style: inherit; font-weight: inherit;\">Andrea Albrecht: Rudolf Johannes\u00a0<a href=\"https:\/\/fheh.org\/wp-content\/uploads\/2016\/07\/streller.pdf\">Streller<\/a>. PDF-Dokument, Version 2.7.2012, FHEH-Preprint<\/li>\n<\/ol>\n<\/li>\n<\/ol>\n<p style=\"font-style: inherit; font-weight: inherit;\"><b><span style=\"font-style: inherit;\">Kontakt:\u00a0<\/span><\/b><a style=\"font-style: inherit; font-weight: inherit;\" href=\"https:\/\/fheh.org\/?page_id=2233\">Andrea Albrecht<\/a><b><span style=\"font-style: inherit;\">,\u00a0<\/span><\/b><a style=\"font-style: inherit; font-weight: inherit;\" href=\"https:\/\/fheh.org\/?page_id=2237\">Lutz Danneberg<\/a><\/p>\n","protected":false},"excerpt":{"rendered":"<p>Bearbeitung: Andrea Albrecht, Lutz Danneberg, Ralf Klausnitzer, Dorit M\u00fcller, Alexandra Skowronski, Carlos Spoerhase Projekte Lutz Danneberg, Andrea Albrecht, Ralf Klausnitzer, &#8220;Wir sagen ab der internationalen Gelehrtenrepublik&#8221;? Internationale\u00a0akademische Beziehungen Deutschlands von 1933 bis 1945, DFG 2016-2019\u00a0 Alexandra Skowronski,\u00a0Max Bense\u00a0\u2013 Journalistische und philosophische Beitr\u00e4ge zwischen 1933 und 1950 Vorarbeiten Lutz Danneberg:\u00a0Deutsche Linie und Deutsche Wissenschaft: Eckhart, Cusanus, [&hellip;]<\/p>\n","protected":false},"author":1,"featured_media":0,"parent":27,"menu_order":8,"comment_status":"closed","ping_status":"closed","template":"","meta":[],"_links":{"self":[{"href":"https:\/\/fheh.org\/index.php?rest_route=\/wp\/v2\/pages\/326"}],"collection":[{"href":"https:\/\/fheh.org\/index.php?rest_route=\/wp\/v2\/pages"}],"about":[{"href":"https:\/\/fheh.org\/index.php?rest_route=\/wp\/v2\/types\/page"}],"author":[{"embeddable":true,"href":"https:\/\/fheh.org\/index.php?rest_route=\/wp\/v2\/users\/1"}],"replies":[{"embeddable":true,"href":"https:\/\/fheh.org\/index.php?rest_route=%2Fwp%2Fv2%2Fcomments&post=326"}],"version-history":[{"count":9,"href":"https:\/\/fheh.org\/index.php?rest_route=\/wp\/v2\/pages\/326\/revisions"}],"predecessor-version":[{"id":3863,"href":"https:\/\/fheh.org\/index.php?rest_route=\/wp\/v2\/pages\/326\/revisions\/3863"}],"up":[{"embeddable":true,"href":"https:\/\/fheh.org\/index.php?rest_route=\/wp\/v2\/pages\/27"}],"wp:attachment":[{"href":"https:\/\/fheh.org\/index.php?rest_route=%2Fwp%2Fv2%2Fmedia&parent=326"}],"curies":[{"name":"wp","href":"https:\/\/api.w.org\/{rel}","templated":true}]}}