{"id":324,"date":"2015-01-04T15:21:33","date_gmt":"2015-01-04T14:21:33","guid":{"rendered":"http:\/\/serverle.ilw.uni-stuttgart.de\/fheh\/?page_id=324"},"modified":"2015-01-04T15:21:33","modified_gmt":"2015-01-04T14:21:33","slug":"ordo-inversus","status":"publish","type":"page","link":"https:\/\/fheh.org\/?page_id=324","title":{"rendered":"Ordo inversus"},"content":{"rendered":"<div class=\"entry-content\" style=\"color: #333333;\">\n<p style=\"font-weight: inherit; font-style: inherit;\">Zum Zerbrechen einer Denkfigur in Philosophie, Naturphilosophie und Hermeneutik und zu Versuchen ihrer Heilung und Ersetzung<\/p>\n<p style=\"font-weight: inherit; font-style: inherit;\">Als zirkul\u00e4re Denkfigur bestimmt der schon in der Antike und im Mittelalter ubiquit\u00e4re ordo inversus bis weit ins 18. Jh hinein das (natur-)philosophische, hermeneutische und theologische Denken, bis er seine Selbstverst\u00e4ndlichkeit weitgehend verliert und in seiner traditionellen Form ,zerbricht\u2018. Den Schwerpunkt des Projekts bildet die systematische Rekonstruktion der Restitutionsversuche, wie sie sich u.a. bei Kant, Fichte, Schelling, Goethe, Schleiermacher und Ast finden. Zugleich verschafft das Scheitern dieser Restitutionsversuche einen disziplinen\u00fcbergreifenden Einblick in den historischen Wandel der Epistemologie im \u00dcbergang zur \u201aModerne\u2018.<\/p>\n<p style=\"font-weight: inherit; font-style: inherit;\">Das Projekt wird im Rahmen der F\u00f6rderinitiative Opus magnum von der Volkswagen-Stiftung \u00fcber einen Zeitraum von zwei Jahren gef\u00f6rdert.\u00a0<a style=\"font-weight: inherit; font-style: inherit; color: #333333;\" title=\"Der ordo inversus in Hermeneutik und Naturphilosophie\" href=\"https:\/\/fheh.org\/?page_id=405\">Mehr Informationen<\/a>.<\/p>\n<p style=\"font-weight: inherit; font-style: inherit;\"><a href=\"https:\/\/fheh.org\/wp-content\/uploads\/2016\/07\/tagungsbericht_klassikstiftung_ordo_inversus.pdf\">Tagungsbericht<\/a><span style=\"font-style: inherit; font-weight: inherit; line-height: 1.71429; font-size: 1rem;\">\u00a0zur Tagung \u201eordo inversus. Formen und Funktionen einer Denkfigur um 1800\u201c Klassik Stiftung Weimar<\/span><\/p>\n<p style=\"font-weight: inherit; font-style: inherit;\">\n<\/div>\n<footer class=\"entry-footer\" style=\"color: rgba(51, 51, 51, 0.701961);\"><span class=\"posted-on\" style=\"font-weight: inherit; font-style: inherit;\"><span class=\"screen-reader-text\" style=\"font-weight: inherit; font-style: inherit;\">Ver\u00f6ffentlicht am<\/span><\/span><\/footer>\n","protected":false},"excerpt":{"rendered":"<p>Zum Zerbrechen einer Denkfigur in Philosophie, Naturphilosophie und Hermeneutik und zu Versuchen ihrer Heilung und Ersetzung Als zirkul\u00e4re Denkfigur bestimmt der schon in der Antike und im Mittelalter ubiquit\u00e4re ordo inversus bis weit ins 18. Jh hinein das (natur-)philosophische, hermeneutische und theologische Denken, bis er seine Selbstverst\u00e4ndlichkeit weitgehend verliert und in seiner traditionellen Form ,zerbricht\u2018. [&hellip;]<\/p>\n","protected":false},"author":1,"featured_media":0,"parent":27,"menu_order":6,"comment_status":"closed","ping_status":"closed","template":"","meta":[],"_links":{"self":[{"href":"https:\/\/fheh.org\/index.php?rest_route=\/wp\/v2\/pages\/324"}],"collection":[{"href":"https:\/\/fheh.org\/index.php?rest_route=\/wp\/v2\/pages"}],"about":[{"href":"https:\/\/fheh.org\/index.php?rest_route=\/wp\/v2\/types\/page"}],"author":[{"embeddable":true,"href":"https:\/\/fheh.org\/index.php?rest_route=\/wp\/v2\/users\/1"}],"replies":[{"embeddable":true,"href":"https:\/\/fheh.org\/index.php?rest_route=%2Fwp%2Fv2%2Fcomments&post=324"}],"version-history":[{"count":1,"href":"https:\/\/fheh.org\/index.php?rest_route=\/wp\/v2\/pages\/324\/revisions"}],"predecessor-version":[{"id":3232,"href":"https:\/\/fheh.org\/index.php?rest_route=\/wp\/v2\/pages\/324\/revisions\/3232"}],"up":[{"embeddable":true,"href":"https:\/\/fheh.org\/index.php?rest_route=\/wp\/v2\/pages\/27"}],"wp:attachment":[{"href":"https:\/\/fheh.org\/index.php?rest_route=%2Fwp%2Fv2%2Fmedia&parent=324"}],"curies":[{"name":"wp","href":"https:\/\/api.w.org\/{rel}","templated":true}]}}