{"id":320,"date":"2015-01-04T15:21:33","date_gmt":"2015-01-04T14:21:33","guid":{"rendered":"http:\/\/serverle.ilw.uni-stuttgart.de\/fheh\/?page_id=320"},"modified":"2016-10-16T09:18:21","modified_gmt":"2016-10-16T07:18:21","slug":"darstellungsformen-der-vermittlung-wissenschaftlicher-wissensansprueche","status":"publish","type":"page","link":"https:\/\/fheh.org\/?page_id=320","title":{"rendered":"Darstellungsformen der Vermittlung wissenschaftlicher Wissensanspr\u00fcche"},"content":{"rendered":"<header class=\"entry-header\" style=\"color: #333333;\">\n<h1 class=\"entry-title\" style=\"font-weight: 500; font-style: inherit;\">Berabeitung: Lutz Danneberg und J\u00fcrg Niederhauser<\/h1>\n<\/header>\n<div class=\"entry-content\" style=\"color: #333333;\">\n<p style=\"font-weight: inherit; font-style: inherit;\"><em style=\"font-weight: inherit;\">in Arbeit \u2026<\/em><br \/>\n<span style=\"font-weight: bold; font-style: inherit; color: #666666;\">Verkn\u00fcpfungen<\/span><\/p>\n<ul style=\"font-weight: inherit; font-style: inherit;\">\n<li style=\"font-weight: inherit; font-style: inherit;\"><a style=\"font-weight: inherit; font-style: inherit; color: #333333;\" title=\"Theorien der Fiktionalit\u00e4t\" href=\"https:\/\/fheh.org\/?page_id=1420\">Theorien der Fiktionalit\u00e4t<\/a><\/li>\n<li style=\"font-weight: inherit; font-style: inherit;\"><a style=\"font-weight: inherit; font-style: inherit; color: #333333;\" title=\"Auctoritas und Testimonium: Epistemologien der Glaubw\u00fcrdigkeit und des Vertrauens\" href=\"https:\/\/fheh.org\/?page_id=43\">Auctoritas und Testimonium: Epistemologie der Glaubw\u00fcrdigkeit und des Vertrauens<\/a><\/li>\n<li style=\"font-weight: inherit; font-style: inherit;\"><a style=\"font-weight: inherit; font-style: inherit; color: #333333;\" title=\"Theorie esoterischer Kommunikation\" href=\"https:\/\/fheh.org\/?page_id=54\">Theorie esoterischer Kommunikation<\/a><\/li>\n<li style=\"font-weight: inherit; font-style: inherit;\"><a style=\"font-weight: inherit; font-style: inherit; color: #333333;\" title=\"Popularisierung von Wissen\" href=\"https:\/\/fheh.org\/?page_id=56\">Popularisierung von Wissen<\/a><\/li>\n<li style=\"font-weight: inherit; font-style: inherit;\"><a style=\"font-weight: inherit; font-style: inherit; color: #333333;\" title=\"Praxeologie der Philologie\" href=\"https:\/\/fheh.org\/?page_id=58\">Praxeologie der Philologie<\/a><\/li>\n<li style=\"font-weight: inherit; font-style: inherit;\"><a style=\"font-weight: inherit; font-style: inherit; color: #333333;\" title=\"Ordnungen des Wissens in der Fr\u00fchen Neuzeit\" href=\"https:\/\/fheh.org\/?page_id=322\">Ordnungen des Wissens in der Fr\u00fchen Neuzeit<\/a><\/li>\n<li style=\"font-weight: inherit; font-style: inherit;\"><a style=\"font-weight: inherit; font-style: inherit; color: #333333;\" title=\"Kontrafaktische Imaginationen in der Wissensgeschichte\" href=\"https:\/\/fheh.org\/?page_id=321\">Konrafaktische Imaginationen in der Wissensgeschichte<\/a><\/li>\n<li style=\"font-weight: inherit; font-style: inherit;\"><a style=\"font-weight: inherit; font-style: inherit; color: #333333;\" title=\"\u00c4sthetische Kategorien in den Naturwissenschaften und der Mathematik\" href=\"https:\/\/fheh.org\/?page_id=1577\">\u00c4sthetische Kategorien in den Naturwissenschaften<\/a><\/li>\n<li style=\"font-weight: inherit; font-style: inherit;\"><span style=\"font-weight: inherit; font-style: inherit;\"><a title=\"Kommentar: Geschichte und systematische Analyse\" href=\"https:\/\/fheh.org\/?page_id=1411\">Kommentar: Geschichte und systematische Analyse<\/a><\/span><\/li>\n<\/ul>\n<p style=\"font-weight: inherit; font-style: inherit;\"><span style=\"font-weight: bold; font-style: inherit; color: #666666;\"><em style=\"font-weight: inherit;\">Vorarbeiten<\/em><\/span><\/p>\n<p style=\"font-weight: inherit; font-style: inherit;\">Lutz Danneberg: Darstellungsformen in Geistes- unnd Naturwissenschaften. In: Peter J. Brenner (Hg.), Geist, Geld und Wissenschaft. Frankfurt\/M. 1993, S. 99-137<\/p>\n<p style=\"font-weight: inherit; font-style: inherit;\">-:\u00a0<a href=\"https:\/\/fheh.org\/wp-content\/uploads\/2016\/07\/Darstellung-V01.pdf\">Das Gesicht des Textes und die beseelte Gestalt des Menschen<\/a>: Formen der Textgestaltung und Visualisierung in wissenschaftlichen Texten \u2013 historische Vorausssetzungen und methodische Probleme ihrer Beschreibung. Version 28. 06. 2014, FHEH-Preprint; in k\u00fcrzerer Fassung erschien in: Nicolas Pethes und Sandra Pott (Hg.), Medizinische Schreibweisen. Berlin 2008, S. 13-72<\/p>\n<p style=\"font-weight: inherit; font-style: inherit;\">-:\u00a0<a href=\"https:\/\/fheh.org\/wp-content\/uploads\/2016\/07\/abschnittld.pdf\">Das perforierte Gewand<\/a>: Geschichte und hermeneutische Funktion von<em style=\"font-weight: inherit;\">distinctiones<\/em>,<em style=\"font-weight: inherit;\">\u00a0partiones<\/em>\u00a0und\u00a0<em style=\"font-weight: inherit;\">divisiones.\u00a0<\/em><em style=\"font-weight: inherit;\">Inte<\/em>In: Alexander Nebrig und Carlos Spoerhase (Hg.), Die Poesie der Zeichensetzung. Studien zur Stilistik der Interpunktion<em style=\"font-weight: inherit;\">.\u00a0<\/em>Bern 2012, S. 89-132; wesentlich erweiterte Version 2. 12. 2013, FHEH-Preprint<\/p>\n<p style=\"font-weight: inherit; font-style: inherit;\">\u2013 und J\u00fcrg Niederhauser: ,\u2026da\u00df die Papierersparnis g\u00e4nzlich zur\u00fccktrete gegen\u00fcber der sch\u00f6nen Form.\u2018 Darstellungsformen der Wissenschaften im Wandel der Zeit und im Zugriff verschiedener Disziplinen. In: L. D und J. N. (Hg.), Darstellungsformen der Wissenschaften im Kontrast. Aspekte der Methodik, Theorie und Empirie. T\u00fcbingen 1998, S. 23-102.<\/p>\n<p style=\"font-weight: inherit; font-style: inherit;\">J\u00fcrg Niederhauser: Metaphern in der Wissenschaftssprache als Thema der Linguistik. In: Lutz Danneberg et al. (Hg.), Metaphern und Innovation. Die Rolle der Metapher im Wandel von Sprache und Wissenschaft. Bern 1995, S. 290-298<\/p>\n<p style=\"font-weight: inherit; font-style: inherit;\">-: Darstellungsformen von Wissenschaften als Thema der Fachsprachenforschung. In: Hartwig Kalverk\u00e4mper und Klaus-Dieter Baumann (Hg.), Fachliche Textsorten. Komponenten \u2013 Relationen \u2013 Strategien. T\u00fcbingen 1996, S. 37-65<\/p>\n<p style=\"font-weight: inherit; font-style: inherit;\">-: Darstellungsformen der Wissenschaften und popularwissenschaftliche Darstellungsformen. In: L. Danneberg und J. N. (Hg.), Darstellungsformen der Wissenschaften im Kontrast. Aspekte der Methodik, Theorie und Empirie. T\u00fcbingen 1998, S. 157-185<\/p>\n<p style=\"font-weight: inherit; font-style: inherit;\">-: Wissenschaftssprache und popul\u00e4rwissenschaftliche Vemittlungen. T\u00fcbingen 1999<br \/>\n<span style=\"font-weight: bold; font-style: inherit; color: #666666;\">Kontakt:\u00a0<\/span><a style=\"font-weight: inherit; font-style: inherit; color: #333333;\" title=\"Danneberg, Lutz\" href=\"https:\/\/fheh.org\/?page_id=2237\">Lutz Danneberg<\/a><\/p>\n<\/div>\n<footer class=\"entry-footer\" style=\"color: rgba(51, 51, 51, 0.701961);\"><span class=\"posted-on\" style=\"font-weight: inherit; font-style: inherit;\"><span class=\"screen-reader-text\" style=\"font-weight: inherit; font-style: inherit;\">Ver\u00f6ffentlicht a<\/span><\/span><\/footer>\n","protected":false},"excerpt":{"rendered":"<p>Berabeitung: Lutz Danneberg und J\u00fcrg Niederhauser in Arbeit \u2026 Verkn\u00fcpfungen Theorien der Fiktionalit\u00e4t Auctoritas und Testimonium: Epistemologie der Glaubw\u00fcrdigkeit und des Vertrauens Theorie esoterischer Kommunikation Popularisierung von Wissen Praxeologie der Philologie Ordnungen des Wissens in der Fr\u00fchen Neuzeit Konrafaktische Imaginationen in der Wissensgeschichte \u00c4sthetische Kategorien in den Naturwissenschaften Kommentar: Geschichte und systematische Analyse Vorarbeiten Lutz [&hellip;]<\/p>\n","protected":false},"author":1,"featured_media":0,"parent":27,"menu_order":2,"comment_status":"closed","ping_status":"closed","template":"","meta":[],"_links":{"self":[{"href":"https:\/\/fheh.org\/index.php?rest_route=\/wp\/v2\/pages\/320"}],"collection":[{"href":"https:\/\/fheh.org\/index.php?rest_route=\/wp\/v2\/pages"}],"about":[{"href":"https:\/\/fheh.org\/index.php?rest_route=\/wp\/v2\/types\/page"}],"author":[{"embeddable":true,"href":"https:\/\/fheh.org\/index.php?rest_route=\/wp\/v2\/users\/1"}],"replies":[{"embeddable":true,"href":"https:\/\/fheh.org\/index.php?rest_route=%2Fwp%2Fv2%2Fcomments&post=320"}],"version-history":[{"count":2,"href":"https:\/\/fheh.org\/index.php?rest_route=\/wp\/v2\/pages\/320\/revisions"}],"predecessor-version":[{"id":3204,"href":"https:\/\/fheh.org\/index.php?rest_route=\/wp\/v2\/pages\/320\/revisions\/3204"}],"up":[{"embeddable":true,"href":"https:\/\/fheh.org\/index.php?rest_route=\/wp\/v2\/pages\/27"}],"wp:attachment":[{"href":"https:\/\/fheh.org\/index.php?rest_route=%2Fwp%2Fv2%2Fmedia&parent=320"}],"curies":[{"name":"wp","href":"https:\/\/api.w.org\/{rel}","templated":true}]}}