{"id":319,"date":"2015-01-04T15:21:32","date_gmt":"2015-01-04T14:21:32","guid":{"rendered":"http:\/\/serverle.ilw.uni-stuttgart.de\/fheh\/?page_id=319"},"modified":"2023-02-21T17:29:58","modified_gmt":"2023-02-21T16:29:58","slug":"die-mathematik-im-jenseits-der-kulturwissenschaften","status":"publish","type":"page","link":"https:\/\/fheh.org\/?page_id=319","title":{"rendered":"Die Mathematik im Jenseits der Kulturwissenschaften"},"content":{"rendered":"<p style=\"color: #333333;\"><span style=\"font-weight: bold; font-style: inherit; color: #666666;\">Bearbeitung: Andrea Albrecht<\/span>\u00a0im Rahmen des Emmy Noether-Rogramms der DFG<\/p>\n<p style=\"color: #333333;\"><span style=\"font-weight: bold; font-style: inherit; color: #666666;\">Kurzcharakterisierung<\/span>:<\/p>\n<p style=\"color: #333333;\">Die Mathematik im Jenseits der Kulturwissenschaften<br \/>\nZur literarischen und kulturellen Konstruktion des Mathematischen zwischen 1880 und 1950<\/p>\n<p style=\"color: #333333;\">Im Zuge der kulturwissenschaftlichen Wende der Geisteswissenschaften wird ein integrativer, die Naturwissenschaften umschlie\u00dfender Kulturbegriff eingefordert. Ausgeblendet bleibt dabei h\u00e4ufig die Mathematik, obwohl sie in den kulturwissenschaftlichen Ans\u00e4tzen der ersten H\u00e4lfte des 20. Jahrhunderts eine entscheidende Rolle gespielt hat und sowohl auf der Ebene der theoretischen Konzeptualisierung als auch auf der Ebene des kultur- bzw. literaturwissenschaftlichen Gegenstandsbereichs \u00e4u\u00dferst pr\u00e4sent war.<\/p>\n<p style=\"color: #333333;\">Das Projekt rekonstruiert den funktionalen Stellenwert, den mathematische Denkformen innerhalb der literarischen, \u00e4sthetischen und kulturwissenschaftlichen Theorie- und Modellbildung der ersten H\u00e4lfte des 20. Jahrhunderts einnahmen. Die vergleichende Interpretation literarischer, \u00e4sthetischer, kulturwissenschaftlicher, metamathematischer und mathematikphilosophischer Rede \u00fcber Mathematik, mathematische Schl\u00fcsselkonzepte und ihre wissenschaftsphilosophischen Grundlagen zeigt, dass die Verh\u00e4ltnisbestimmung von Dichtung, \u00c4sthetik, Kulturwissenschaft und Mathematik im Zeichen der wissenschaftlichen Moderne zwischen 1880 und 1950 ein konstitutives Element der kulturellen Selbstverst\u00e4ndigung darstellt. Zugleich verschafft die Analyse Einblicke in die Bedingungen und Faktoren, die zu dem bis heute wirksamen \u201aImage\u2018 der Mathematik gef\u00fchrt haben.<\/p>\n<p style=\"color: #333333;\">Die an den Methoden der Diskursanalyse, Wissenssoziologie und der Wissenstransferforschung orientierte komparatistische und interdisziplin\u00e4re Untersuchung st\u00fctzt sich dazu auf Texte von Ernst Cassirer, Wilhelm Dilthey, Edmund Husserl, Robert Musil, Hermann Broch, Paul Val\u00e9ry, G. H. Hardy, Henry Poincar\u00e9, David Hilbert u.a., bezieht aber auch Material aus den Kultur- und Naturkundezeitschriften und anderen popularisierenden Medien der Zeit in die Analyse ein.<\/p>\n<p style=\"color: #333333;\"><strong>Verkn\u00fcpfungen<\/strong>:<\/p>\n<p style=\"color: #333333;\">Lutz Danneberg, \u201eein\u00a0Mathematiker, der nicht etwas Poet ist, wird nimmer ein vollkommener Mathematiker sein\u201c:\u00a0<em>Geschmack<\/em>,\u00a0<em>Takt<\/em>,\u00a0<em>\u00e4sthetisches<\/em>\u00a0<em>Empfinden<\/em>\u00a0im kulturellen Behauptungsdiskurs der Mathematik und der Naturwissenschaften im 19. Jahrhundert \u2013 mit Blicken in die Zeit zuvor und ins 20 Jahrhundert. In: Andrea Albrecht, Gesa von Essen und Werner Frick (Hg.), Zahlen, Zeichen und Figuren: Mathematische Inspirationen in Kunst und Literatur. Berlin\/New York 2011, S. 600-658. Wesentlich erweiterte Fassung FHEH-Preprint, Version 1. 12. 2014.<\/p>\n<p style=\"color: #333333;\"><span style=\"font-weight: bold; font-style: inherit; color: #666666;\">Vorarbeiten<\/span>:<\/p>\n<ol style=\"color: #333333;\">\n<li style=\"font-weight: inherit; font-style: inherit;\">Andrea Albrecht (mit C. Blohmann) Dichter, Mathematiker und Sterndeuter. Hermann Brochs \u201eUnbekannte Gr\u00f6\u00dfe\u201c, in: Gestirn und Literatur im 20. Jahrhundert. Eds. Maximilian Bergengruen et al., Fischer (Wei\u00dfe Reihe), Frankfurt am Main 2006, p. 209-224.<\/li>\n<li style=\"font-weight: inherit; font-style: inherit;\">-: \u201eUeberall wird in Naturwissenschaft gemacht.\u201c Die Diskussion um Kultur, Bildung und Mathematik in den Kulturzeitschriften der Jahrhundertwende, in: Europ\u00e4ische Kulturzeitschriften um 1900 als Medien transnationaler und transdisziplin\u00e4rer Wahrnehmung. Ed. Ulrich M\u00f6lk, Abhandlungen der Akademie der Wissenschaften zu G\u00f6ttingen, Philologisch-Historische Klasse, 3. Folge, Vandenhoeck und Ruprecht, G\u00f6ttingen 2006, p. 197-213.<\/li>\n<li style=\"font-weight: inherit; font-style: inherit;\">-: \u201eSymmetrie\u201c, \u201ePentagramm\u201c, \u201eNull\u201c und \u201eSieben\u201c, Lexikonartikel zu: Metzler Lexikon literarischer Symbole, hg. v. G\u00fcnter Butzer und Joachim Jacob, Stuttgart 2008.<\/li>\n<li style=\"font-weight: inherit; font-style: inherit;\">-: Mathematische und \u00e4sthetische Moderne. Zu Robert Musils Essay \u201eDer mathematische Mensch\u201c, in: Scientia Poetica, Bd. 12 (2008), S. 218-250.<\/li>\n<li style=\"font-weight: inherit; font-style: inherit;\">-: Mathematisches Wissen und historisches Erz\u00e4hlen: Michael K\u00f6hlmeiers Roman \u201eAbendland\u201c, in: Gegenwartsliteratur. Ein germanistisches Jahrbuch, Bd. 8, 2009, S. 192-217.<\/li>\n<li style=\"font-weight: inherit; font-style: inherit;\">-: Die Mathematik im ,Diesseits der Kultur\u2018. Literaturwissenschaftliche und wissenschaftsgeschichtliche Studien zur kulturellen Rep\u00e4sentation des Mathematischen. Als Habilitations-Schrift vorgelegt an der Philologischen Fakult\u00e4t der Universit\u00e4t Freiburg, Februar 2011, FHEH-Preprint.<\/li>\n<\/ol>\n<p style=\"color: #333333;\"><span style=\"font-weight: bold; font-style: inherit; color: #666666;\">Kontakt<\/span>:\u00a0<a style=\"font-weight: inherit; font-style: inherit; color: #333333;\" title=\"Albrecht, Andrea\" href=\"https:\/\/fheh.org\/?page_id=2233\">Andrea Albrecht<\/a><\/p>\n","protected":false},"excerpt":{"rendered":"<p>Bearbeitung: Andrea Albrecht\u00a0im Rahmen des Emmy Noether-Rogramms der DFG Kurzcharakterisierung: Die Mathematik im Jenseits der Kulturwissenschaften Zur literarischen und kulturellen Konstruktion des Mathematischen zwischen 1880 und 1950 Im Zuge der kulturwissenschaftlichen Wende der Geisteswissenschaften wird ein integrativer, die Naturwissenschaften umschlie\u00dfender Kulturbegriff eingefordert. Ausgeblendet bleibt dabei h\u00e4ufig die Mathematik, obwohl sie in den kulturwissenschaftlichen Ans\u00e4tzen der [&hellip;]<\/p>\n","protected":false},"author":1,"featured_media":0,"parent":27,"menu_order":1,"comment_status":"closed","ping_status":"closed","template":"","meta":[],"_links":{"self":[{"href":"https:\/\/fheh.org\/index.php?rest_route=\/wp\/v2\/pages\/319"}],"collection":[{"href":"https:\/\/fheh.org\/index.php?rest_route=\/wp\/v2\/pages"}],"about":[{"href":"https:\/\/fheh.org\/index.php?rest_route=\/wp\/v2\/types\/page"}],"author":[{"embeddable":true,"href":"https:\/\/fheh.org\/index.php?rest_route=\/wp\/v2\/users\/1"}],"replies":[{"embeddable":true,"href":"https:\/\/fheh.org\/index.php?rest_route=%2Fwp%2Fv2%2Fcomments&post=319"}],"version-history":[{"count":2,"href":"https:\/\/fheh.org\/index.php?rest_route=\/wp\/v2\/pages\/319\/revisions"}],"predecessor-version":[{"id":4029,"href":"https:\/\/fheh.org\/index.php?rest_route=\/wp\/v2\/pages\/319\/revisions\/4029"}],"up":[{"embeddable":true,"href":"https:\/\/fheh.org\/index.php?rest_route=\/wp\/v2\/pages\/27"}],"wp:attachment":[{"href":"https:\/\/fheh.org\/index.php?rest_route=%2Fwp%2Fv2%2Fmedia&parent=319"}],"curies":[{"name":"wp","href":"https:\/\/api.w.org\/{rel}","templated":true}]}}