{"id":2989,"date":"2017-01-15T19:19:04","date_gmt":"2017-01-15T18:19:04","guid":{"rendered":"http:\/\/fheh.org\/?page_id=2989"},"modified":"2017-01-16T07:38:28","modified_gmt":"2017-01-16T06:38:28","slug":"zwischen-gelber-gefahr-und-gelber-hoffnung-china-in-der-deutschen-literatur-der-zwischenkriegsjahre-1919%e2%88%92193739","status":"publish","type":"page","link":"https:\/\/fheh.org\/?page_id=2989","title":{"rendered":"Zwischen \u201agelber Gefahr\u2018 und \u201agelber Hoffnung\u2018. China in der deutschen Literatur der Zwischenkriegsjahre (1919\u22121937\/39)"},"content":{"rendered":"<p>Bearbeiter <a href=\"https:\/\/fheh.org\/?page_id=2962\">Katrin Hudey<\/a><\/p>\n<p>Bef\u00f6rdert durch das Erstarken der bilateralen \u00f6konomischen und politischen Beziehungen zwischen China und Deutschland,\u00a0bilden sich um die Zeit der Jahrhundertwende Str\u00e4nge einer\u00a0komplexen deutsch-chinesischen Verflechtungsgeschichte (<em>histoire crois\u00e9e<\/em>)\u00a0aus, die sich in den Zwischenkriegsjahren intensiviert und auch in den Jahren nationalsozialistischer Herrschaft noch prosperiert. Das Projekt rekonstruiert die<em> literarischen<\/em> Facetten der deutsch-chinesischen Verflechtungsgeschichte, wie sie sich in den Jahren der Weimarer Republik und den fr\u00fchen Jahren des \u201aDritten Reichs\u2018 entfaltete. Welche institutionellen Zentren, welche Publikationsorgane, Gruppen und Akteure \u00fcbernehmen welche Rollen? Wie partizipiert die Literatur an der Ausbildung, Ver\u00e4nderung und Indienstnahme bestimmter China-Bilder im historisch-politischen Wandel? Wie bilden sich beispielsweise v\u00f6lkische, nationalistische und rassistische Ideologeme in der China-Literatur ab? Welche literarischen Formen bilden sich heraus und welche Funktionen \u00fcbernehmen sie bei der Ausgestaltung dessen, was in Deutschland in der ersten H\u00e4lfte des 20. Jahrhunderts und insbesondere ab 1933 als \u201etypisch chinesisch\u201c vorgestellt wird? In den \u00dcberblicksdarstellungen zum deutschen China-Diskurs wird die Zeit des Dritten Reichs oft in der Annahme ausgespart, dass es w\u00e4hrend des Nationalsozialismus keine nennenswerte literarische Besch\u00e4ftigung mit China mehr gegeben habe. Doch diese Annahme hat sich schon bei den ersten Recherchen als falsch erwiesen: Das literarische, wissenschaftliche und politische Interesse an China scheint ab 1919 stetig zuzunehmen, auch \u00fcber das Jahr 1933 hinaus.<\/p>\n<p><a href=\"https:\/\/fheh.org\/?page_id=2471\">Zum DFG-Projekt NS-Wissenschaft<\/a><\/p>\n","protected":false},"excerpt":{"rendered":"<p>Bearbeiter Katrin Hudey Bef\u00f6rdert durch das Erstarken der bilateralen \u00f6konomischen und politischen Beziehungen zwischen China und Deutschland,\u00a0bilden sich um die Zeit der Jahrhundertwende Str\u00e4nge einer\u00a0komplexen deutsch-chinesischen Verflechtungsgeschichte (histoire crois\u00e9e)\u00a0aus, die sich in den Zwischenkriegsjahren intensiviert und auch in den Jahren nationalsozialistischer Herrschaft noch prosperiert. Das Projekt rekonstruiert die literarischen Facetten der deutsch-chinesischen Verflechtungsgeschichte, wie sie [&hellip;]<\/p>\n","protected":false},"author":2,"featured_media":0,"parent":2471,"menu_order":0,"comment_status":"closed","ping_status":"closed","template":"","meta":[],"_links":{"self":[{"href":"https:\/\/fheh.org\/index.php?rest_route=\/wp\/v2\/pages\/2989"}],"collection":[{"href":"https:\/\/fheh.org\/index.php?rest_route=\/wp\/v2\/pages"}],"about":[{"href":"https:\/\/fheh.org\/index.php?rest_route=\/wp\/v2\/types\/page"}],"author":[{"embeddable":true,"href":"https:\/\/fheh.org\/index.php?rest_route=\/wp\/v2\/users\/2"}],"replies":[{"embeddable":true,"href":"https:\/\/fheh.org\/index.php?rest_route=%2Fwp%2Fv2%2Fcomments&post=2989"}],"version-history":[{"count":3,"href":"https:\/\/fheh.org\/index.php?rest_route=\/wp\/v2\/pages\/2989\/revisions"}],"predecessor-version":[{"id":3010,"href":"https:\/\/fheh.org\/index.php?rest_route=\/wp\/v2\/pages\/2989\/revisions\/3010"}],"up":[{"embeddable":true,"href":"https:\/\/fheh.org\/index.php?rest_route=\/wp\/v2\/pages\/2471"}],"wp:attachment":[{"href":"https:\/\/fheh.org\/index.php?rest_route=%2Fwp%2Fv2%2Fmedia&parent=2989"}],"curies":[{"name":"wp","href":"https:\/\/api.w.org\/{rel}","templated":true}]}}