{"id":2891,"date":"2016-10-15T13:06:28","date_gmt":"2016-10-15T11:06:28","guid":{"rendered":"http:\/\/fheh.org\/?page_id=2891"},"modified":"2017-07-15T19:56:15","modified_gmt":"2017-07-15T17:56:15","slug":"winko-simone","status":"publish","type":"page","link":"https:\/\/fheh.org\/?page_id=2891","title":{"rendered":"Winko, Simone"},"content":{"rendered":"<p>Universit\u00e4t G\u00f6ttingen<br \/>\nSeminar f\u00fcr Deutsche Philologie<br \/>\nK\u00e4te-Hamburger-Weg 3<br \/>\nD-37073 G\u00f6ttingen<\/p>\n<p>https:\/\/www.uni-goettingen.de\/de\/11871.html<br \/>\n<a href=\"mailto:simone.winko@phil.uni-goettingen.de\">simone.winko@<wbr \/>phil.uni-goettingen.de<\/a><\/p>\n","protected":false},"excerpt":{"rendered":"<p>Universit\u00e4t G\u00f6ttingen Seminar f\u00fcr Deutsche Philologie K\u00e4te-Hamburger-Weg 3 D-37073 G\u00f6ttingen https:\/\/www.uni-goettingen.de\/de\/11871.html simone.winko@phil.uni-goettingen.de<\/p>\n","protected":false},"author":2,"featured_media":0,"parent":66,"menu_order":34,"comment_status":"closed","ping_status":"closed","template":"","meta":[],"_links":{"self":[{"href":"https:\/\/fheh.org\/index.php?rest_route=\/wp\/v2\/pages\/2891"}],"collection":[{"href":"https:\/\/fheh.org\/index.php?rest_route=\/wp\/v2\/pages"}],"about":[{"href":"https:\/\/fheh.org\/index.php?rest_route=\/wp\/v2\/types\/page"}],"author":[{"embeddable":true,"href":"https:\/\/fheh.org\/index.php?rest_route=\/wp\/v2\/users\/2"}],"replies":[{"embeddable":true,"href":"https:\/\/fheh.org\/index.php?rest_route=%2Fwp%2Fv2%2Fcomments&post=2891"}],"version-history":[{"count":2,"href":"https:\/\/fheh.org\/index.php?rest_route=\/wp\/v2\/pages\/2891\/revisions"}],"predecessor-version":[{"id":2896,"href":"https:\/\/fheh.org\/index.php?rest_route=\/wp\/v2\/pages\/2891\/revisions\/2896"}],"up":[{"embeddable":true,"href":"https:\/\/fheh.org\/index.php?rest_route=\/wp\/v2\/pages\/66"}],"wp:attachment":[{"href":"https:\/\/fheh.org\/index.php?rest_route=%2Fwp%2Fv2%2Fmedia&parent=2891"}],"curies":[{"name":"wp","href":"https:\/\/api.w.org\/{rel}","templated":true}]}}