{"id":2757,"date":"2016-07-17T14:14:09","date_gmt":"2016-07-17T12:14:09","guid":{"rendered":"http:\/\/fheh.ilw.uni-stuttgart.de\/?page_id=2757"},"modified":"2018-12-28T11:22:34","modified_gmt":"2018-12-28T10:22:34","slug":"aufsaetze","status":"publish","type":"page","link":"https:\/\/fheh.org\/?page_id=2757","title":{"rendered":"Reihen"},"content":{"rendered":"<h1><a href=\"http:\/\/www.degruyter.com\/view\/serial\/20138?rskey=xC2ZJC&amp;result=2\">Historia Hermeneutica. Series Studia<\/a>, hg. v. <a title=\"Danneberg, Lutz\" href=\"https:\/\/fheh.org\/?page_id=2237\">Lutz Danneberg<\/a><\/h1>\n<p>Die Reihe\u00a0<em>Historia Hermeneutica\u00a0<\/em>ist ein Forum f\u00fcr die Erforschung der Hermeneutik-Geschichte und -Methodik. Sie bildet die Hauptphase der hermeneutischen Theorieentwicklung in Europa von der Reformation bis in die Moderne (ca. 1500 bis in die Gegenwart) wissenschaftlich ab.<\/p>\n<ul>\n<li>Bd. 18: Lutz Danneberg: Hermeneutiken. Bedeutung und Methodologie, Berlin\/Boston 2019.<\/li>\n<li>Bd. 17: J\u00f8rgen Sneis:\u00a0Ph\u00e4nomenologie und Textinterpretation.\u00a0Studien zur Theoriegeschichte und Methodik der Literaturwissenschaft (Historia Hermeneutica 17), Berlin\/Boston 2018.<\/li>\n<li>Bd. 16:\u00a0Lane, Jason D., Luther&#8217;s Epistle of Straw. The Voice of St. James in Reformation Preaching<\/li>\n<li>Bd. 14:\u00a0A<img decoding=\"async\" loading=\"lazy\" class=\"size-full wp-image-2773 alignleft\" style=\"margin-top: 0.857143rem; margin-right: 1.71429rem; margin-bottom: 0.857143rem;\" src=\"https:\/\/fheh.org\/wp-content\/uploads\/2016\/07\/hermeneutica.jpg\" alt=\"hermeneutica\" width=\"150\" height=\"222\" \/>uslegung und Hermeneutik der Bibel in der Reformationszeit\u00a0(2016)\u00a0Hrsg. v. Christ-von Wedel,\u00a0Ch<span style=\"color: #0f3647;\">ristine \/ Grosse, Sven<\/span><\/li>\n<li>Bd. 13:\u00a0Dehrmann, Mark-Georg:\u00a0Studierte Dichter\u00a0(2015)<\/li>\n<li>Bd. 12:\u00a0Ethos und Pathos der Geisteswissenschaften\u00a0(2015)\u00a0Hrsg. v. Klausnitzer, Ralf \/ Spoerhase, Carlos \/ Werle, Dirk<\/li>\n<li>Bd. 11:\u00a0Petraschka, Thomas:\u00a0Interpretation und Rationalit\u00e4t\u00a0(2014)<\/li>\n<li>Bd. 10:\u00a0Hebraistik \u2013 Hermeneutik \u2013 Homiletik\u00a0(2011)\u00a0Hrsg. v. Bultmann, Christoph \/ Danneberg, Lutz<\/li>\n<li>Bd. 9:\u00a0Hermeneutica Sacra\u00a0(2010)\u00a0Hrsg. v. Johansson, Torbj\u00f6rn \/ Kolb, Robert \/ Steiger, Johann Anselm<\/li>\n<li>Bd. 8:\u00a0Wels, Volkhard:\u00a0Der Begriff der Dichtung in der Fr\u00fchen Neuzeit\u00a0(2009)<\/li>\n<li>Bd. 7:\u00a0Unsicheres Wissen\u00a0(2009)\u00a0Hrsg. v. Spoerhase, Carlos \/ Werle, Dirk \/ Wild, Markus<\/li>\n<li>Bd. 6:\u00a0Angelis, Simone:\u00a0Anthropologien\u00a0(2010)<\/li>\n<li>Bd. 5:\u00a0Spoerhase, Carlos:\u00a0Autorschaft und Interpretation\u00a0(2012)<\/li>\n<li>Bd. 4:\u00a0Vanek, Klara:\u00a0&#8220;Ars corrigendi&#8221; in der fr\u00fchen Neuzeit\u00a0(2012)<\/li>\n<li>Bd. 3:\u00a0Martus, Steffen:\u00a0Werkpolitik\u00a0(2008)<\/li>\n<li>Bd. 2:\u00a0Tillmann, Thomas J.:\u00a0Hermeneutik und Bibelexegese beim jungen Goethe\u00a0(2008)<\/li>\n<li>Bd. 1:\u00a0Geschichte der Hermeneutik und die Methodik der textinterpretierenden Disziplinen\u00a0(2011)\u00a0Hrsg. v. Sch\u00f6nert, J\u00f6rg \/ Vollhardt, Friedrich<\/li>\n<\/ul>\n<h1><a href=\"https:\/\/www.peterlang.com\/view\/serial\/BBW?rskey=33LFGz&amp;result=1\">Berliner Beitr\u00e4ge zur Wissenschaftsgeschichte<\/a>, hg. v. Lutz Danneberg und Ralf Klausnitzer<\/h1>\n<ul>\n<li>Band 17: Gunhild Berg, Wissenstexturen.\u00a0Literarische Gattungen als Organisationsformen von Wissen, Frankfurt\/M. 2014<\/li>\n<li>Band 16:\u00a0Simone\u00a0Holz,\u00a0Die tiefenpsychologische Krankengeschichte zwischen Wissenschafts- und Weltanschauungsliteratur (1905-1952).\u00a0Eine gattungstheoretische und -historische Untersuchung, Frankfurt\/M. u.a. 2014<\/li>\n<li>Band 15: Rainer Rosenberg, Innenansichten zur Wissenschaftsgeschichte. Vorl\u00e4ufige Bilanz eines Literaturwissenschaftler, Frankfurt\/M. 2014<\/li>\n<li>Band 14: Jan Behr, Benjamin Gittel, Ralf Klausnitzer, Wissenstransfer. Konditionen, Praktiken, Verlaufsformen der Weitergabe von Erkenntnis, Frankfurt\/M. 2013<\/li>\n<li>Band 13: Axel C. H\u00fcntelmann \/Michael C. Schneider (Hrsg.): Jenseits von Humboldt. Wissenschaft im Staat 1850-1990.\u00a0Frankfurt\/M. u.a. 2010<\/li>\n<li>Band 12: Jutta Hoffmann: Nordische Philologie an der Berliner Universit\u00e4t zwischen 1810 und 1945. Wissenschaft &#8211; Disziplin \u2013 Fach. Frankfurt\/M. u.a. 2010<\/li>\n<li>Band 11: M\u00f6ller, Andreas: Aurorafalter und Spiralnebel. Naturwissenschaft und Publizistik bei Martin Raschke 1929-1932. Frankfurt\/M. 2006<\/li>\n<li>Band 10: Eisenberg, Ulrike: Vom \u00abNervenplexus\u00bb zur \u00abSeelenkraft\u00bb. Werk und Schicksal des Berliner Neurologen Louis Jacobsohn-Lask (1863-1940). Frankfurt\/M. 2005<\/li>\n<li>Band 9: Lelke, Ina: Die Br\u00fcder Grimm in Berlin. Zum Verh\u00e4ltnis von Geselligkeit, Arbeitsweise und Disziplingenese im 19. Jahrhundert. Frankfurt\/M. 2005Band 8: Danneberg, Lutz \/ H\u00f6ppner, Wolfgang \/ Klausnitzer, Ralf (Hrsg.): Stil, Schule, Disziplin. Analyse und Erprobung von Konzepten wissenschaftsgeschichtlicher Rekonstruktion (I). Frankfurt\/M. 2005<\/li>\n<li>Band 8: Danneberg, Lutz \/ H\u00f6ppner, Wolfgang \/ Klausnitzer, Ralf (Hrsg.): Stil, Schule, Disziplin. Analyse und Erprobung von Konzepten wissenschaftsgeschichtlicher Rekonstruktion (I). Frankfurt\/M. 2005<\/li>\n<li>Band 7: Engstrom, Eric J. \/ Hess, Volker \/ Thoms, Ulrike (Hrsg.): Figurationen des Experten. Ambivalenzen der wissenschaftlichen Expertise im ausgehenden 18. und fr\u00fchen 19. Jahrhundert. Frankfurt\/M. 2005<\/li>\n<li>Band 6: Harders, Levke:\u00a0 Studiert, promoviert: Arriviert? Promovendinnen des Berliner Germanischen Seminars (1919-1945). Frankfurt\/M. 2004<\/li>\n<li>Band 5: Hermand, Jost \/ Niedermeier, Michael (Hrsg.): Revolutio germanica. Die Sehnsucht nach der \u00abalten Freiheit\u00bb der Germanen. 1750-1820. Frankfurt\/M. 2002<\/li>\n<li>Band 4: Storost, J\u00fcrgen: 300 Jahre romanische Sprachen und Literaturen an der Berliner Akademie der Wissenschaften. Frankfurt\/M. 2001<\/li>\n<li>Band 3: Judersleben, J\u00f6rg: Philologie als Nationalp\u00e4dagogik. Gustav Roethe zwischen Wissenschaft und Politik. Frankfurt\/M. 2000<\/li>\n<li>Band 2: Heinz, Sabine (Hrsg.)Die Deutsche Keltologie und ihre Berliner Gelehrten bis 1945. Beitr\u00e4ge zur internationalen Fachtagung Keltologie an der Friedrich-Wilhelms-Universit\u00e4t vor und w\u00e4hrend des Nationalsozialismus. Frankfurt\/M. 1999<\/li>\n<li>Band 1: Bey, Gesine (Hrsg.) Berliner Universit\u00e4t und deutsche Literaturgeschichte. Studien im Dreil\u00e4ndereck von Wissenschaft, Literatur und Publizistik. Frankfurt\/M. 1998<\/li>\n<\/ul>\n","protected":false},"excerpt":{"rendered":"<p>Historia Hermeneutica. Series Studia, hg. v. Lutz Danneberg Die Reihe\u00a0Historia Hermeneutica\u00a0ist ein Forum f\u00fcr die Erforschung der Hermeneutik-Geschichte und -Methodik. Sie bildet die Hauptphase der hermeneutischen Theorieentwicklung in Europa von der Reformation bis in die Moderne (ca. 1500 bis in die Gegenwart) wissenschaftlich ab. Bd. 18: Lutz Danneberg: Hermeneutiken. Bedeutung und Methodologie, Berlin\/Boston 2019. Bd. [&hellip;]<\/p>\n","protected":false},"author":3,"featured_media":0,"parent":64,"menu_order":0,"comment_status":"closed","ping_status":"closed","template":"","meta":[],"_links":{"self":[{"href":"https:\/\/fheh.org\/index.php?rest_route=\/wp\/v2\/pages\/2757"}],"collection":[{"href":"https:\/\/fheh.org\/index.php?rest_route=\/wp\/v2\/pages"}],"about":[{"href":"https:\/\/fheh.org\/index.php?rest_route=\/wp\/v2\/types\/page"}],"author":[{"embeddable":true,"href":"https:\/\/fheh.org\/index.php?rest_route=\/wp\/v2\/users\/3"}],"replies":[{"embeddable":true,"href":"https:\/\/fheh.org\/index.php?rest_route=%2Fwp%2Fv2%2Fcomments&post=2757"}],"version-history":[{"count":6,"href":"https:\/\/fheh.org\/index.php?rest_route=\/wp\/v2\/pages\/2757\/revisions"}],"predecessor-version":[{"id":3727,"href":"https:\/\/fheh.org\/index.php?rest_route=\/wp\/v2\/pages\/2757\/revisions\/3727"}],"up":[{"embeddable":true,"href":"https:\/\/fheh.org\/index.php?rest_route=\/wp\/v2\/pages\/64"}],"wp:attachment":[{"href":"https:\/\/fheh.org\/index.php?rest_route=%2Fwp%2Fv2%2Fmedia&parent=2757"}],"curies":[{"name":"wp","href":"https:\/\/api.w.org\/{rel}","templated":true}]}}