{"id":2706,"date":"2016-07-11T21:14:14","date_gmt":"2016-07-11T19:14:14","guid":{"rendered":"http:\/\/fheh.ilw.uni-stuttgart.de\/?page_id=2706"},"modified":"2016-07-11T21:14:14","modified_gmt":"2016-07-11T19:14:14","slug":"tintenfass-und-teleskop","status":"publish","type":"page","link":"https:\/\/fheh.org\/?page_id=2706","title":{"rendered":"Tintenfass und Teleskop"},"content":{"rendered":"<p><strong>Bearbeiter<\/strong>: Andrea Albrecht, Giovanna Cordibella<\/p>\n<p>Tintenfass und Teleskop. Galileo Galilei im Schnittpunkt wissenschaftlicher, literarischer und visueller Kulturen im europ\u00e4ischen 17. Jahrhundert \/ Calamaio e telescopio. Galileo Galilei al crocevia della cultura scientifica, letteraria, visuale del Seicento europeo Villa Vigoni-Gespr\u00e4ch 2.-5. Sept. 2012<\/p>\n<p>Das von Giovanna Cordibella (Universit\u00e4t Bern), Volker Remmert (Universit\u00e4t Wuppertal) und Andrea Albrecht (Universit\u00e4t Freiburg\/Stuttgart) organisierte Villa Vigoni-Gespr\u00e4ch hat die \u00dcberschneidungen, Wechselwirkungen und Transferprozesse zwischen den wissenschaftlichen und kulturellen Dimensionen in den Blick genommen, die f\u00fcr Galileis Profilierung als fr\u00fchneuzeitlicher Wissenschaftler ebenso wichtig sind wie f\u00fcr die im weiteren Sinn kulturelle Wahrnehmung seiner Entdeckungen und seiner Schriften &#8212; vor allem in Literatur und Kunst. Erst die Verschr\u00e4nkung von wissenschaftlicher Theorie und Praxis sowie ihren textuellen und visuellen Repr\u00e4sentationen hat, so die Hypothese der Tagung, die Transformation Galileis zu einem kulturellen Ikon bewirkt. Die Eigent\u00fcmlichkeiten dieses kulturellen Ikons lassen sich nur durch einen interdisziplin\u00e4ren Zugang zu seinem Werk und dessen Rezeption erschlie\u00dfen. Die Tagung war daher als interdisziplin\u00e4res Arbeitsgespr\u00e4ch konzipiert, in dem Literatur-, Kunst- und Kulturwissenschaftler sowie Wissenschaftshistoriker ihre fachlichen Einzelperspektiven dialogisch zusammenf\u00fchren.<\/p>\n<p><a href=\"https:\/\/fheh.org\/wp-content\/uploads\/2016\/07\/tagungsbericht_galileo_fheh.pdf\">Tagungsbericht<\/a><\/p>\n<p><a href=\"https:\/\/fheh.org\/wp-content\/uploads\/2016\/07\/programmgalilei.pdf\">Tagungsprogramm<\/a><\/p>\n<p>Kontakt: <a title=\"Albrecht, Andrea\" href=\"https:\/\/fheh.org\/?page_id=2233\">Andrea Albrecht<\/a><\/p>\n<p>&nbsp;<\/p>\n","protected":false},"excerpt":{"rendered":"<p>Bearbeiter: Andrea Albrecht, Giovanna Cordibella Tintenfass und Teleskop. Galileo Galilei im Schnittpunkt wissenschaftlicher, literarischer und visueller Kulturen im europ\u00e4ischen 17. Jahrhundert \/ Calamaio e telescopio. Galileo Galilei al crocevia della cultura scientifica, letteraria, visuale del Seicento europeo Villa Vigoni-Gespr\u00e4ch 2.-5. Sept. 2012 Das von Giovanna Cordibella (Universit\u00e4t Bern), Volker Remmert (Universit\u00e4t Wuppertal) und Andrea Albrecht [&hellip;]<\/p>\n","protected":false},"author":2,"featured_media":0,"parent":1587,"menu_order":1,"comment_status":"closed","ping_status":"closed","template":"","meta":[],"_links":{"self":[{"href":"https:\/\/fheh.org\/index.php?rest_route=\/wp\/v2\/pages\/2706"}],"collection":[{"href":"https:\/\/fheh.org\/index.php?rest_route=\/wp\/v2\/pages"}],"about":[{"href":"https:\/\/fheh.org\/index.php?rest_route=\/wp\/v2\/types\/page"}],"author":[{"embeddable":true,"href":"https:\/\/fheh.org\/index.php?rest_route=\/wp\/v2\/users\/2"}],"replies":[{"embeddable":true,"href":"https:\/\/fheh.org\/index.php?rest_route=%2Fwp%2Fv2%2Fcomments&post=2706"}],"version-history":[{"count":1,"href":"https:\/\/fheh.org\/index.php?rest_route=\/wp\/v2\/pages\/2706\/revisions"}],"predecessor-version":[{"id":3250,"href":"https:\/\/fheh.org\/index.php?rest_route=\/wp\/v2\/pages\/2706\/revisions\/3250"}],"up":[{"embeddable":true,"href":"https:\/\/fheh.org\/index.php?rest_route=\/wp\/v2\/pages\/1587"}],"wp:attachment":[{"href":"https:\/\/fheh.org\/index.php?rest_route=%2Fwp%2Fv2%2Fmedia&parent=2706"}],"curies":[{"name":"wp","href":"https:\/\/api.w.org\/{rel}","templated":true}]}}