{"id":2596,"date":"2016-07-11T18:17:00","date_gmt":"2016-07-11T16:17:00","guid":{"rendered":"http:\/\/fheh.ilw.uni-stuttgart.de\/?page_id=2596"},"modified":"2016-07-11T18:17:00","modified_gmt":"2016-07-11T16:17:00","slug":"sitemap","status":"publish","type":"page","link":"https:\/\/fheh.org\/?page_id=2596","title":{"rendered":"Sitemap"},"content":{"rendered":"\n<!-- Page-list plugin v.5.6 wordpress.org\/plugins\/page-list\/ -->\n<ul class=\"page-list \">\n<li class=\"page_item page-item-2301\"><a href=\"https:\/\/fheh.org\/\">\u00dcber FHEH<\/a><\/li>\n<li class=\"page_item page-item-19 page_item_has_children\"><a href=\"https:\/\/fheh.org\/?page_id=19\">Projekte<\/a>\n<ul class='children'>\n\t<li class=\"page_item page-item-21 page_item_has_children\"><a href=\"https:\/\/fheh.org\/?page_id=21\">Historische Epistemologie<\/a>\n\t<ul class='children'>\n\t\t<li class=\"page_item page-item-43\"><a href=\"https:\/\/fheh.org\/?page_id=43\">Auctoritas und Testimonium: Epistemologien der Glaubw\u00fcrdigkeit und des Vertrauens<\/a><\/li>\n\t\t<li class=\"page_item page-item-2684\"><a href=\"https:\/\/fheh.org\/?page_id=2684\">Epistemische Situation<\/a><\/li>\n\t\t<li class=\"page_item page-item-46\"><a href=\"https:\/\/fheh.org\/?page_id=46\">Wissen in Literatur: Wahrscheinlichkeit und fiktionale Welten<\/a><\/li>\n\t\t<li class=\"page_item page-item-48\"><a href=\"https:\/\/fheh.org\/?page_id=48\">Intellektuelle Konflikte: Epistemologie und Rhetorik<\/a><\/li>\n\t\t<li class=\"page_item page-item-50\"><a href=\"https:\/\/fheh.org\/?page_id=50\">Theoriegeschichte des Ruhms<\/a><\/li>\n\t\t<li class=\"page_item page-item-52\"><a href=\"https:\/\/fheh.org\/?page_id=52\">Ethische Fragestellungen<\/a><\/li>\n\t\t<li class=\"page_item page-item-54\"><a href=\"https:\/\/fheh.org\/?page_id=54\">Theorie esoterischer Kommunikation<\/a><\/li>\n\t\t<li class=\"page_item page-item-56\"><a href=\"https:\/\/fheh.org\/?page_id=56\">Popularisierung von Wissen<\/a><\/li>\n\t\t<li class=\"page_item page-item-58\"><a href=\"https:\/\/fheh.org\/?page_id=58\">Praxeologie der Philologie<\/a><\/li>\n\t\t<li class=\"page_item page-item-60\"><a href=\"https:\/\/fheh.org\/?page_id=60\">Philologisches Seminar und naturwissenschaftliches Labor<\/a><\/li>\n\t<\/ul>\n<\/li>\n\t<li class=\"page_item page-item-25 page_item_has_children\"><a href=\"https:\/\/fheh.org\/?page_id=25\">Geschichte der \u00c4sthetik<\/a>\n\t<ul class='children'>\n\t\t<li class=\"page_item page-item-84\"><a href=\"https:\/\/fheh.org\/?page_id=84\">Das Lehrgedicht im 18. Jahrhundert<\/a><\/li>\n\t\t<li class=\"page_item page-item-86\"><a href=\"https:\/\/fheh.org\/?page_id=86\">Hermann Cohens \u201e\u00c4sthetik des reinen Gef\u00fchls\u201c. Zu einem vergessenen Kapitel \u00e4sthetisch-poetischer Vorstellungsbildung<\/a><\/li>\n\t\t<li class=\"page_item page-item-88\"><a href=\"https:\/\/fheh.org\/?page_id=88\">Poetik als Wissensgebiet im Kontext der \u00c4sthetik, 1800-1960<\/a><\/li>\n\t\t<li class=\"page_item page-item-3412\"><a href=\"https:\/\/fheh.org\/?page_id=3412\">Zwischen Rhetorik und Dialektik &#8211; Das Beispiel im 16., 17. und 18. Jahrhundert<\/a><\/li>\n\t<\/ul>\n<\/li>\n\t<li class=\"page_item page-item-27 page_item_has_children\"><a href=\"https:\/\/fheh.org\/?page_id=27\">Wissenschaftsgeschichte<\/a>\n\t<ul class='children'>\n\t\t<li class=\"page_item page-item-318\"><a href=\"https:\/\/fheh.org\/?page_id=318\">Biographik &#8211; Autobiographik<\/a><\/li>\n\t\t<li class=\"page_item page-item-319\"><a href=\"https:\/\/fheh.org\/?page_id=319\">Die Mathematik im Jenseits der Kulturwissenschaften<\/a><\/li>\n\t\t<li class=\"page_item page-item-320\"><a href=\"https:\/\/fheh.org\/?page_id=320\">Darstellungsformen der Vermittlung wissenschaftlicher Wissensanspr\u00fcche<\/a><\/li>\n\t\t<li class=\"page_item page-item-321\"><a href=\"https:\/\/fheh.org\/?page_id=321\">Kontrafaktische Imaginationen in der Wissensgeschichte<\/a><\/li>\n\t\t<li class=\"page_item page-item-322\"><a href=\"https:\/\/fheh.org\/?page_id=322\">Ordnungen des Wissens in der Fr\u00fchen Neuzeit<\/a><\/li>\n\t\t<li class=\"page_item page-item-323\"><a href=\"https:\/\/fheh.org\/?page_id=323\">Biographie der Br\u00fcder Grimm<\/a><\/li>\n\t\t<li class=\"page_item page-item-324\"><a href=\"https:\/\/fheh.org\/?page_id=324\">Ordo inversus<\/a><\/li>\n\t\t<li class=\"page_item page-item-325\"><a href=\"https:\/\/fheh.org\/?page_id=325\">Goethe als Naturwissenschaftler im Streit um den Wissenschaftsbegriff<\/a><\/li>\n\t\t<li class=\"page_item page-item-326 page_item_has_children\"><a href=\"https:\/\/fheh.org\/?page_id=326\">Philosophie- und Wissenschaftsbegriff zwischen 1900 und 1945<\/a>\n\t\t<ul class='children'>\n\t\t\t<li class=\"page_item page-item-2465\"><a href=\"https:\/\/fheh.org\/?page_id=2465\">Max Bense \u2013 Journalistische und philosophische Beitr\u00e4ge zwischen 1930 und 1950<\/a><\/li>\n\t\t\t<li class=\"page_item page-item-2471 page_item_has_children\"><a href=\"https:\/\/fheh.org\/?page_id=2471\">\u201cWir sagen ab der internationalen Gelehrtenrepublik\u201d? Internationale akademische Beziehungen Deutschlands von 1933 bis 1945<\/a>\n\t\t\t<ul class='children'>\n\t\t\t\t<li class=\"page_item page-item-2989\"><a href=\"https:\/\/fheh.org\/?page_id=2989\">Zwischen \u201agelber Gefahr\u2018 und \u201agelber Hoffnung\u2018. China in der deutschen Literatur der Zwischenkriegsjahre (1919\u22121937\/39)<\/a><\/li>\n\t\t\t\t<li class=\"page_item page-item-3037\"><a href=\"https:\/\/fheh.org\/?page_id=3037\">Hochland-Publizistik<\/a><\/li>\n\t\t\t<\/ul>\n<\/li>\n\t\t<\/ul>\n<\/li>\n\t\t<li class=\"page_item page-item-327\"><a href=\"https:\/\/fheh.org\/?page_id=327\">Weltanschauungsliteratur 1860\u20131940. Wissen, Textstrukturen, Kontexte<\/a><\/li>\n\t\t<li class=\"page_item page-item-328 page_item_has_children\"><a href=\"https:\/\/fheh.org\/?page_id=328\">Zur Geschichte der deutschsprachigen Literaturwissenschaft<\/a>\n\t\t<ul class='children'>\n\t\t\t<li class=\"page_item page-item-2797\"><a href=\"https:\/\/fheh.org\/?page_id=2797\">Wilhelm Emrich \u2013 der akademische und berufliche Lebensverlauf eines Geisteswissenschaftlers vor, in und nach der NS-Zeit: exemplarische Konstellationen einer Intellektuellen-Geschichte 1929-1959<\/a><\/li>\n\t\t\t<li class=\"page_item page-item-3027\"><a href=\"https:\/\/fheh.org\/?page_id=3027\">Fritz Martini. Ein literaturwissenschaftlicher Autor w\u00e4hrend und nach der NS-Zeit<\/a><\/li>\n\t\t<\/ul>\n<\/li>\n\t<\/ul>\n<\/li>\n\t<li class=\"page_item page-item-36 page_item_has_children\"><a href=\"https:\/\/fheh.org\/?page_id=36\">Hermeneutik<\/a>\n\t<ul class='children'>\n\t\t<li class=\"page_item page-item-405\"><a href=\"https:\/\/fheh.org\/?page_id=405\">Der ordo inversus in Hermeneutik und Naturphilosophie<\/a><\/li>\n\t\t<li class=\"page_item page-item-406\"><a href=\"https:\/\/fheh.org\/?page_id=406\">Analysis textus: scriptura und natura<\/a><\/li>\n\t\t<li class=\"page_item page-item-407\"><a href=\"https:\/\/fheh.org\/?page_id=407\">Hermeneutische Wahrscheinlichkeit in der Fr\u00fchen Neuzeit<\/a><\/li>\n\t\t<li class=\"page_item page-item-418\"><a href=\"https:\/\/fheh.org\/?page_id=418\">Hermeneutik um 1600: logica und probatio theologica<\/a><\/li>\n\t\t<li class=\"page_item page-item-409\"><a href=\"https:\/\/fheh.org\/?page_id=409\">Die hermeneutica generalis Johann Claubergs<\/a><\/li>\n\t\t<li class=\"page_item page-item-420\"><a href=\"https:\/\/fheh.org\/?page_id=420\">Hermeneutik um 1700: philologia sacra und hermeneutica iuris<\/a><\/li>\n\t\t<li class=\"page_item page-item-411\"><a href=\"https:\/\/fheh.org\/?page_id=411\">List, L\u00fcge und die Logik von Wissen und Verstehen im 17.\/ 18. Jahrhundert<\/a><\/li>\n\t\t<li class=\"page_item page-item-422\"><a href=\"https:\/\/fheh.org\/?page_id=422\">Hermeneutik um 1800 I: Philosophie, Besserverstehen und sensus moralis<\/a><\/li>\n\t\t<li class=\"page_item page-item-413\"><a href=\"https:\/\/fheh.org\/?page_id=413\">Hermeneutik um 1800 II: sensus accommodatus<\/a><\/li>\n\t\t<li class=\"page_item page-item-424\"><a href=\"https:\/\/fheh.org\/?page_id=424\">Hermeneutik im 19. Jahrhundert<\/a><\/li>\n\t\t<li class=\"page_item page-item-3343\"><a href=\"https:\/\/fheh.org\/?page_id=3343\">Hermeneutik und Ph\u00e4nomenologie<\/a><\/li>\n\t\t<li class=\"page_item page-item-3583\"><a href=\"https:\/\/fheh.org\/?page_id=3583\">Die Hermeneutik der Aufkl\u00e4rung und das Recht<\/a><\/li>\n\t<\/ul>\n<\/li>\n\t<li class=\"page_item page-item-38 page_item_has_children\"><a href=\"https:\/\/fheh.org\/?page_id=38\">Methodenlehre<\/a>\n\t<ul class='children'>\n\t\t<li class=\"page_item page-item-1411\"><a href=\"https:\/\/fheh.org\/?page_id=1411\">Kommentar: Geschichte und systematische Analyse<\/a><\/li>\n\t\t<li class=\"page_item page-item-1412\"><a href=\"https:\/\/fheh.org\/?page_id=1412\">Handlungstheoretische Grundlagen der Textinterpretation<\/a><\/li>\n\t\t<li class=\"page_item page-item-1413\"><a href=\"https:\/\/fheh.org\/?page_id=1413\">Systematische Rekonstruktion der Text-Kontext-Relation<\/a><\/li>\n\t\t<li class=\"page_item page-item-1415\"><a href=\"https:\/\/fheh.org\/?page_id=1415\">Theorie und Methodologie der Textinterpretation<\/a><\/li>\n\t\t<li class=\"page_item page-item-1416\"><a href=\"https:\/\/fheh.org\/?page_id=1416\">Quantitative Literaturwissenschaft<\/a><\/li>\n\t\t<li class=\"page_item page-item-1419\"><a href=\"https:\/\/fheh.org\/?page_id=1419\">Historische Narratologie\/ Historical Narratology<\/a><\/li>\n\t\t<li class=\"page_item page-item-1420\"><a href=\"https:\/\/fheh.org\/?page_id=1420\">Theorien der Fiktionalit\u00e4t<\/a><\/li>\n\t\t<li class=\"page_item page-item-1421\"><a href=\"https:\/\/fheh.org\/?page_id=1421\">Fundamente einer systematischen Metaphorologie der Wissenschaften<\/a><\/li>\n\t<\/ul>\n<\/li>\n\t<li class=\"page_item page-item-40 page_item_has_children\"><a href=\"https:\/\/fheh.org\/?page_id=40\">Analysekategorien<\/a>\n\t<ul class='children'>\n\t\t<li class=\"page_item page-item-1569\"><a href=\"https:\/\/fheh.org\/?page_id=1569\">\u00dcbersichtsdarstellung<\/a><\/li>\n\t\t<li class=\"page_item page-item-2458\"><a href=\"https:\/\/fheh.org\/?page_id=2458\">Werk<\/a><\/li>\n\t\t<li class=\"page_item page-item-1570\"><a href=\"https:\/\/fheh.org\/?page_id=1570\">Disziplin, Schule, Stil<\/a><\/li>\n\t\t<li class=\"page_item page-item-1573\"><a href=\"https:\/\/fheh.org\/?page_id=1573\">Quelle, Einfluss<\/a><\/li>\n\t\t<li class=\"page_item page-item-1574\"><a href=\"https:\/\/fheh.org\/?page_id=1574\">Problem, Frage<\/a><\/li>\n\t\t<li class=\"page_item page-item-1575\"><a href=\"https:\/\/fheh.org\/?page_id=1575\">Tradition, Wissenstransfer<\/a><\/li>\n\t\t<li class=\"page_item page-item-1576\"><a href=\"https:\/\/fheh.org\/?page_id=1576\">Wissenschaftskonkurrenz<\/a><\/li>\n\t\t<li class=\"page_item page-item-1577\"><a href=\"https:\/\/fheh.org\/?page_id=1577\">\u00c4sthetische Kategorien in den Naturwissenschaften und der Mathematik<\/a><\/li>\n\t\t<li class=\"page_item page-item-1579\"><a href=\"https:\/\/fheh.org\/?page_id=1579\">Wissen in Literatur: Probleme, Ad\u00e4quatheitsbedingungen, Explikationen, Rekonstruktionen<\/a><\/li>\n\t\t<li class=\"page_item page-item-3917\"><a href=\"https:\/\/fheh.org\/?page_id=3917\">Imaginierte und reale Bibliotheken<\/a><\/li>\n\t<\/ul>\n<\/li>\n<\/ul>\n<\/li>\n<li class=\"page_item page-item-2437 page_item_has_children\"><a href=\"https:\/\/fheh.org\/?page_id=2437\">Veranstaltungen<\/a>\n<ul class='children'>\n\t<li class=\"page_item page-item-2455\"><a href=\"https:\/\/fheh.org\/?page_id=2455\">Seminare<\/a><\/li>\n\t<li class=\"page_item page-item-1587 page_item_has_children\"><a href=\"https:\/\/fheh.org\/?page_id=1587\">Tagungen<\/a>\n\t<ul class='children'>\n\t\t<li class=\"page_item page-item-1636\"><a href=\"https:\/\/fheh.org\/?page_id=1636\">Geist im Buch: Historische Formen und Funktionen des Buches in den Geisteswissenschaften<\/a><\/li>\n\t\t<li class=\"page_item page-item-2706\"><a href=\"https:\/\/fheh.org\/?page_id=2706\">Tintenfass und Teleskop<\/a><\/li>\n\t\t<li class=\"page_item page-item-3377\"><a href=\"https:\/\/fheh.org\/?page_id=3377\">\u201eZwischenv\u00f6lkische Aussprache\u201c<\/a><\/li>\n\t\t<li class=\"page_item page-item-2711\"><a href=\"https:\/\/fheh.org\/?page_id=2711\">K\u00e4te Hamburger im Kontext<\/a><\/li>\n\t\t<li class=\"page_item page-item-2811\"><a href=\"https:\/\/fheh.org\/?page_id=2811\">Literaturwissenschaftliche Ideengeschichte. Konzepte und Kategorien<\/a><\/li>\n\t\t<li class=\"page_item page-item-1637\"><a href=\"https:\/\/fheh.org\/?page_id=1637\">Ethos und Pathos des Logos<\/a><\/li>\n\t\t<li class=\"page_item page-item-3375\"><a href=\"https:\/\/fheh.org\/?page_id=3375\">Max Bense \u2013 Werk, Kontext, Wirkung<\/a><\/li>\n\t\t<li class=\"page_item page-item-1638\"><a href=\"https:\/\/fheh.org\/?page_id=1638\">Theorien, Methoden und Praktiken des Interpretierens<\/a><\/li>\n\t\t<li class=\"page_item page-item-1639\"><a href=\"https:\/\/fheh.org\/?page_id=1639\">Unsicheres Wissen in der Fr\u00fchen Neuzeit<\/a><\/li>\n\t\t<li class=\"page_item page-item-1641\"><a href=\"https:\/\/fheh.org\/?page_id=1641\">Nationale Spezifika und internationale Aspekte der Wissenschaftsentwicklung<\/a><\/li>\n\t\t<li class=\"page_item page-item-1642\"><a href=\"https:\/\/fheh.org\/?page_id=1642\">60. Wolfenb\u00fctteler Symposium<\/a><\/li>\n\t\t<li class=\"page_item page-item-1643\"><a href=\"https:\/\/fheh.org\/?page_id=1643\">Die akademische \u201aAchse Berlin \u2013 Rom\u2018?<\/a><\/li>\n\t\t<li class=\"page_item page-item-1644\"><a href=\"https:\/\/fheh.org\/?page_id=1644\">Hermeneutik der Schrift f\u00fcr Theologen der Kirche<\/a><\/li>\n\t\t<li class=\"page_item page-item-3164\"><a href=\"https:\/\/fheh.org\/?page_id=3164\">Argumentation in der Literaturwissenschaft<\/a><\/li>\n\t<\/ul>\n<\/li>\n<\/ul>\n<\/li>\n<li class=\"page_item page-item-64 page_item_has_children\"><a href=\"https:\/\/fheh.org\/?page_id=64\">Publikationen<\/a>\n<ul class='children'>\n\t<li class=\"page_item page-item-2757\"><a href=\"https:\/\/fheh.org\/?page_id=2757\">Reihen<\/a><\/li>\n\t<li class=\"page_item page-item-2765\"><a href=\"https:\/\/fheh.org\/?page_id=2765\">Zeitschriften<\/a><\/li>\n\t<li class=\"page_item page-item-2785 page_item_has_children\"><a href=\"https:\/\/fheh.org\/?page_id=2785\">Aufs\u00e4tze<\/a>\n\t<ul class='children'>\n\t\t<li class=\"page_item page-item-2453\"><a href=\"https:\/\/fheh.org\/?page_id=2453\">Ver\u00f6ffentliche Aufs\u00e4tze<\/a><\/li>\n\t\t<li class=\"page_item page-item-2783\"><a href=\"https:\/\/fheh.org\/?page_id=2783\">Preprints<\/a><\/li>\n\t<\/ul>\n<\/li>\n\t<li class=\"page_item page-item-75\"><a href=\"https:\/\/fheh.org\/?page_id=75\">Monographien<\/a><\/li>\n\t<li class=\"page_item page-item-2760\"><a href=\"https:\/\/fheh.org\/?page_id=2760\">Sammelb\u00e4nde<\/a><\/li>\n\t<li class=\"page_item page-item-2865\"><a href=\"https:\/\/fheh.org\/?page_id=2865\">Bibliographien<\/a><\/li>\n<\/ul>\n<\/li>\n<li class=\"page_item page-item-66 page_item_has_children\"><a href=\"https:\/\/fheh.org\/?page_id=66\">Personen<\/a>\n<ul class='children'>\n\t<li class=\"page_item page-item-2233\"><a href=\"https:\/\/fheh.org\/?page_id=2233\">Albrecht, Andrea<\/a><\/li>\n\t<li class=\"page_item page-item-2234\"><a href=\"https:\/\/fheh.org\/?page_id=2234\">Bareis, J. Alexander<\/a><\/li>\n\t<li class=\"page_item page-item-2235\"><a href=\"https:\/\/fheh.org\/?page_id=2235\">Bernhart, Toni<\/a><\/li>\n\t<li class=\"page_item page-item-2236\"><a href=\"https:\/\/fheh.org\/?page_id=2236\">Bomski, Franziska<\/a><\/li>\n\t<li class=\"page_item page-item-2237 page_item_has_children\"><a href=\"https:\/\/fheh.org\/?page_id=2237\">Danneberg, Lutz<\/a>\n\t<ul class='children'>\n\t\t<li class=\"page_item page-item-3298\"><a href=\"https:\/\/fheh.org\/?page_id=3298\">Schriftenverzeichnis Lutz Danneberg<\/a><\/li>\n\t<\/ul>\n<\/li>\n\t<li class=\"page_item page-item-2962\"><a href=\"https:\/\/fheh.org\/?page_id=2962\">Hudey, Katrin<\/a><\/li>\n\t<li class=\"page_item page-item-2241\"><a href=\"https:\/\/fheh.org\/?page_id=2241\">Kindt, Tom<\/a><\/li>\n\t<li class=\"page_item page-item-2242\"><a href=\"https:\/\/fheh.org\/?page_id=2242\">Klausnitzer, Ralf<\/a><\/li>\n\t<li class=\"page_item page-item-2243\"><a href=\"https:\/\/fheh.org\/?page_id=2243\">K\u00f6ppe, Tilmann<\/a><\/li>\n\t<li class=\"page_item page-item-2245\"><a href=\"https:\/\/fheh.org\/?page_id=2245\">Kr\u00e4mer, Olav<\/a><\/li>\n\t<li class=\"page_item page-item-2967\"><a href=\"https:\/\/fheh.org\/?page_id=2967\">Krumeich, Jens<\/a><\/li>\n\t<li class=\"page_item page-item-2244\"><a href=\"https:\/\/fheh.org\/?page_id=2244\">Kranz, Margarita<\/a><\/li>\n\t<li class=\"page_item page-item-2267\"><a href=\"https:\/\/fheh.org\/?page_id=2267\">L\u00f6schner, Claudia<\/a><\/li>\n\t<li class=\"page_item page-item-2268\"><a href=\"https:\/\/fheh.org\/?page_id=2268\">Martus, Steffen<\/a><\/li>\n\t<li class=\"page_item page-item-2747\"><a href=\"https:\/\/fheh.org\/?page_id=2747\">Mateescu, Kristina<\/a><\/li>\n\t<li class=\"page_item page-item-2269\"><a href=\"https:\/\/fheh.org\/?page_id=2269\">Menke, Cornelis<\/a><\/li>\n\t<li class=\"page_item page-item-2270\"><a href=\"https:\/\/fheh.org\/?page_id=2270\">M\u00f6ller, Andreas<\/a><\/li>\n\t<li class=\"page_item page-item-2271\"><a href=\"https:\/\/fheh.org\/?page_id=2271\">Mueller, Dorit<\/a><\/li>\n\t<li class=\"page_item page-item-3083\"><a href=\"https:\/\/fheh.org\/?page_id=3083\">Murr, Sandra<\/a><\/li>\n\t<li class=\"page_item page-item-2272\"><a href=\"https:\/\/fheh.org\/?page_id=2272\">Niederhauser, J\u00fcrg<\/a><\/li>\n\t<li class=\"page_item page-item-2274\"><a href=\"https:\/\/fheh.org\/?page_id=2274\">Richter, Sandra<\/a><\/li>\n\t<li class=\"page_item page-item-2888\"><a href=\"https:\/\/fheh.org\/?page_id=2888\">Roure, Pascale<\/a><\/li>\n\t<li class=\"page_item page-item-2275\"><a href=\"https:\/\/fheh.org\/?page_id=2275\">Schlott, Michael<\/a><\/li>\n\t<li class=\"page_item page-item-2276 page_item_has_children\"><a href=\"https:\/\/fheh.org\/?page_id=2276\">Sch\u00f6nert, J\u00f6rg<\/a>\n\t<ul class='children'>\n\t\t<li class=\"page_item page-item-3478\"><a href=\"https:\/\/fheh.org\/?page_id=3478\">J\u00f6rg Sch\u00f6nert, Schriftenverzeichnis<\/a><\/li>\n\t\t<li class=\"page_item page-item-3483\"><a href=\"https:\/\/fheh.org\/?page_id=3483\">J\u00f6rg Sch\u00f6nert, Akademischer Lebenslauf<\/a><\/li>\n\t<\/ul>\n<\/li>\n\t<li class=\"page_item page-item-2277\"><a href=\"https:\/\/fheh.org\/?page_id=2277\">Scholz, Philipp<\/a><\/li>\n\t<li class=\"page_item page-item-2278\"><a href=\"https:\/\/fheh.org\/?page_id=2278\">Skowronski, Alexandra<\/a><\/li>\n\t<li class=\"page_item page-item-3335\"><a href=\"https:\/\/fheh.org\/?page_id=3335\">Sneis, J\u00f8rgen<\/a><\/li>\n\t<li class=\"page_item page-item-2279\"><a href=\"https:\/\/fheh.org\/?page_id=2279\">Spoerhase, Carlos<\/a><\/li>\n\t<li class=\"page_item page-item-2293\"><a href=\"https:\/\/fheh.org\/?page_id=2293\">Steiger, Johann Anselm<\/a><\/li>\n\t<li class=\"page_item page-item-2745\"><a href=\"https:\/\/fheh.org\/?page_id=2745\">Venzl, Tilman<\/a><\/li>\n\t<li class=\"page_item page-item-2294\"><a href=\"https:\/\/fheh.org\/?page_id=2294\">Thouard, Denis<\/a><\/li>\n\t<li class=\"page_item page-item-2295\"><a href=\"https:\/\/fheh.org\/?page_id=2295\">Werle, Dirk<\/a><\/li>\n\t<li class=\"page_item page-item-2432\"><a href=\"https:\/\/fheh.org\/?page_id=2432\">Willand, Marcus<\/a><\/li>\n\t<li class=\"page_item page-item-2891\"><a href=\"https:\/\/fheh.org\/?page_id=2891\">Winko, Simone<\/a><\/li>\n\t<li class=\"page_item page-item-3423\"><a href=\"https:\/\/fheh.org\/?page_id=3423\">Wolff, Lynn L.<\/a><\/li>\n\t<li class=\"page_item page-item-2750\"><a href=\"https:\/\/fheh.org\/?page_id=2750\">Zittel, Claus<\/a><\/li>\n<\/ul>\n<\/li>\n<li class=\"page_item page-item-70 page_item_has_children\"><a href=\"https:\/\/fheh.org\/?page_id=70\">Kooperationen<\/a>\n<ul class='children'>\n\t<li class=\"page_item page-item-2724\"><a href=\"https:\/\/fheh.org\/?page_id=2724\">Hamburger Arbeitsstelle f\u00fcr Geschichte des Wissens und der Literatur (AGWL)<\/a><\/li>\n\t<li class=\"page_item page-item-2225\"><a href=\"https:\/\/fheh.org\/?page_id=2225\">Zentrum f\u00fcr Wissenschaftsgeschichte der Karl-Franzens-Universit\u00e4t Graz<\/a><\/li>\n\t<li class=\"page_item page-item-2226\"><a href=\"https:\/\/fheh.org\/?page_id=2226\">Arbeitsstelle f\u00fcr Theorie der Literatur (Universit\u00e4t G\u00f6ttingen)<\/a><\/li>\n\t<li class=\"page_item page-item-2227\"><a href=\"https:\/\/fheh.org\/?page_id=2227\">Arbeitsstelle f\u00fcr Fachgeschichte der Germanistik (Humboldt-Universit\u00e4t zu Berlin)<\/a><\/li>\n\t<li class=\"page_item page-item-2228\"><a href=\"https:\/\/fheh.org\/?page_id=2228\">Arbeitsstelle f\u00fcr die Erforschung der Geschichte der Germanistik (DLA Marbach)<\/a><\/li>\n\t<li class=\"page_item page-item-2230\"><a href=\"https:\/\/fheh.org\/?page_id=2230\">Forschungsstelle Savoirs, textes, langage (Universit\u00e4t Lille III)<\/a><\/li>\n\t<li class=\"page_item page-item-2231\"><a href=\"https:\/\/fheh.org\/?page_id=2231\">Interdisziplin\u00e4res Centrum f\u00fcr Narratologie (Universit\u00e4t Hamburg)<\/a><\/li>\n\t<li class=\"page_item page-item-3651\"><a href=\"https:\/\/fheh.org\/?page_id=3651\">Arbeitsgruppe Albrecht (Univ. Heidelberg)<\/a><\/li>\n\t<li class=\"page_item page-item-2232\"><a href=\"https:\/\/fheh.org\/?page_id=2232\">Arbeitsstelle Grimm-Briefwechsel (Humboldt-Universit\u00e4t zu Berlin)<\/a><\/li>\n\t<li class=\"page_item page-item-2945\"><a href=\"https:\/\/fheh.org\/?page_id=2945\">Stuttgart Research Centre for Text Studies (SRCTS)<\/a><\/li>\n<\/ul>\n<\/li>\n<li class=\"page_item page-item-73\"><a href=\"https:\/\/fheh.org\/?page_id=73\">Kontakt<\/a><\/li>\n<li class=\"page_item page-item-2596 page_item_has_children\"><a href=\"https:\/\/fheh.org\/?page_id=2596\">Sitemap<\/a>\n<ul class='children'>\n\t<li class=\"page_item page-item-3205\"><a href=\"https:\/\/fheh.org\/?page_id=3205\">About FHEH<\/a><\/li>\n\t<li class=\"page_item page-item-3389\"><a href=\"https:\/\/fheh.org\/?page_id=3389\">Sobre FHEH<\/a><\/li>\n\t<li class=\"page_item page-item-3800\"><a href=\"https:\/\/fheh.org\/?page_id=3800\">Sur FHEH<\/a><\/li>\n<\/ul>\n<\/li>\n\n<\/ul>\n","protected":false},"excerpt":{"rendered":"","protected":false},"author":1,"featured_media":0,"parent":0,"menu_order":8,"comment_status":"closed","ping_status":"closed","template":"","meta":[],"_links":{"self":[{"href":"https:\/\/fheh.org\/index.php?rest_route=\/wp\/v2\/pages\/2596"}],"collection":[{"href":"https:\/\/fheh.org\/index.php?rest_route=\/wp\/v2\/pages"}],"about":[{"href":"https:\/\/fheh.org\/index.php?rest_route=\/wp\/v2\/types\/page"}],"author":[{"embeddable":true,"href":"https:\/\/fheh.org\/index.php?rest_route=\/wp\/v2\/users\/1"}],"replies":[{"embeddable":true,"href":"https:\/\/fheh.org\/index.php?rest_route=%2Fwp%2Fv2%2Fcomments&post=2596"}],"version-history":[{"count":1,"href":"https:\/\/fheh.org\/index.php?rest_route=\/wp\/v2\/pages\/2596\/revisions"}],"predecessor-version":[{"id":3288,"href":"https:\/\/fheh.org\/index.php?rest_route=\/wp\/v2\/pages\/2596\/revisions\/3288"}],"wp:attachment":[{"href":"https:\/\/fheh.org\/index.php?rest_route=%2Fwp%2Fv2%2Fmedia&parent=2596"}],"curies":[{"name":"wp","href":"https:\/\/api.w.org\/{rel}","templated":true}]}}