{"id":2458,"date":"2016-07-11T10:57:20","date_gmt":"2016-07-11T08:57:20","guid":{"rendered":"http:\/\/serverle.ilw.uni-stuttgart.de\/fheh\/?page_id=2458"},"modified":"2016-07-11T10:57:20","modified_gmt":"2016-07-11T08:57:20","slug":"werk","status":"publish","type":"page","link":"https:\/\/fheh.org\/?page_id=2458","title":{"rendered":"Werk"},"content":{"rendered":"<div class=\"entry-content\" style=\"color: #333333;\">\n<p style=\"font-weight: inherit; font-style: inherit;\">Symposium zur Gegenwart des literarischen Werkbegriffs<\/p>\n<p style=\"font-weight: inherit; font-style: inherit;\">21.-23. Oktober 2015<\/p>\n<p style=\"font-weight: inherit; font-style: inherit;\">Schloss Herrenhausen, Hannover<\/p>\n<p style=\"font-weight: inherit; font-style: inherit;\">Die Kategorie des Werks wurde in den Geisteswissenschaften im Allgemeinen und in den Literaturwissenschaften im Besonderen in den letzten 50 Jahren massiv kritisiert. Das \u201eWerk\u201c gilt deshalb bis in die Gegenwart h\u00e4ufig als eine Kategorie, die einen angemessenen Umgang mit kulturellen Gegenst\u00e4nden verstellt. Im Laufe der letzten Jahre l\u00e4sst sich in der internationalen geisteswissenschaftlichen Diskussion allerdings beobachten, dass der einstmals verp\u00f6nte Werkbegriff schrittweise wieder zu einer zentralen und produktiven Analysekategorie avanciert ist. Im Rahmen einer internationalen und interdisziplin\u00e4ren Tagung zum Werkbegriff soll deshalb untersucht werden, welche Innovationsaussichten und welches Irritationspotential in der Gegenwart von der Werkkategorie ausgehen k\u00f6nnen. Das Symposium \u201eWiederkehr des Werks?\u201c dient dementsprechend der tiefgreifenden Reflexion auf die Formen und Funktionen, die der Werkbegriff in den Geisteswissenschaften des 21. Jahrhunderts annehmen kann.<\/p>\n<p style=\"font-weight: inherit; font-style: inherit;\">\n<p style=\"font-weight: inherit; font-style: inherit;\">Keynotes von Lydia Goehr und Pierre-Michel Menger<\/p>\n<p style=\"font-weight: inherit; font-style: inherit;\">Mit Andrea Albrecht, Lutz Danneberg, Fotis Jannidis, Annette Gilbert, Andreas Kablitz, Katrin Kohl, Olav Kr\u00e4mer, Ludger Lieb, Steffen Martus, Dirk Niefanger, Andrea Polaschegg, Annika Rockenberger, Reinold Schm\u00fccker, J\u00f8rgen Sneis, Carlos Spoerhase, Alexander Starre, Claudia Stockinger, Magnus Wieland, Simone Winko und Werner Wolf<\/p>\n<p style=\"font-weight: inherit; font-style: inherit;\">Weitere Informationen:<\/p>\n<p style=\"font-weight: inherit; font-style: inherit;\"><a style=\"font-weight: inherit; font-style: inherit; color: #333333;\" href=\"https:\/\/wiederkehrdeswerks.wordpress.com\/\">https:\/\/wiederkehrdeswerks.wordpress.com\/<\/a><\/p>\n<\/div>\n<footer class=\"entry-footer\" style=\"color: rgba(51, 51, 51, 0.701961);\"><\/footer>\n","protected":false},"excerpt":{"rendered":"<p>Symposium zur Gegenwart des literarischen Werkbegriffs 21.-23. Oktober 2015 Schloss Herrenhausen, Hannover Die Kategorie des Werks wurde in den Geisteswissenschaften im Allgemeinen und in den Literaturwissenschaften im Besonderen in den letzten 50 Jahren massiv kritisiert. Das \u201eWerk\u201c gilt deshalb bis in die Gegenwart h\u00e4ufig als eine Kategorie, die einen angemessenen Umgang mit kulturellen Gegenst\u00e4nden verstellt. [&hellip;]<\/p>\n","protected":false},"author":1,"featured_media":0,"parent":40,"menu_order":1,"comment_status":"closed","ping_status":"closed","template":"","meta":[],"_links":{"self":[{"href":"https:\/\/fheh.org\/index.php?rest_route=\/wp\/v2\/pages\/2458"}],"collection":[{"href":"https:\/\/fheh.org\/index.php?rest_route=\/wp\/v2\/pages"}],"about":[{"href":"https:\/\/fheh.org\/index.php?rest_route=\/wp\/v2\/types\/page"}],"author":[{"embeddable":true,"href":"https:\/\/fheh.org\/index.php?rest_route=\/wp\/v2\/users\/1"}],"replies":[{"embeddable":true,"href":"https:\/\/fheh.org\/index.php?rest_route=%2Fwp%2Fv2%2Fcomments&post=2458"}],"version-history":[{"count":1,"href":"https:\/\/fheh.org\/index.php?rest_route=\/wp\/v2\/pages\/2458\/revisions"}],"predecessor-version":[{"id":3244,"href":"https:\/\/fheh.org\/index.php?rest_route=\/wp\/v2\/pages\/2458\/revisions\/3244"}],"up":[{"embeddable":true,"href":"https:\/\/fheh.org\/index.php?rest_route=\/wp\/v2\/pages\/40"}],"wp:attachment":[{"href":"https:\/\/fheh.org\/index.php?rest_route=%2Fwp%2Fv2%2Fmedia&parent=2458"}],"curies":[{"name":"wp","href":"https:\/\/api.w.org\/{rel}","templated":true}]}}