{"id":2455,"date":"2016-07-11T10:43:02","date_gmt":"2016-07-11T08:43:02","guid":{"rendered":"http:\/\/serverle.ilw.uni-stuttgart.de\/fheh\/?page_id=2455"},"modified":"2017-02-12T10:51:16","modified_gmt":"2017-02-12T09:51:16","slug":"seminare","status":"publish","type":"page","link":"https:\/\/fheh.org\/?page_id=2455","title":{"rendered":"Seminare"},"content":{"rendered":"<p><strong>Aktuelle Seminare<\/strong><\/p>\n<p>Freitagskolloquium in Stuttgart, Kontakt: <a title=\"Albrecht, Andrea\" href=\"https:\/\/fheh.org\/?page_id=2233\">Andrea Albrecht<\/a><\/p>\n<p><a href=\"https:\/\/www.studienstiftung.ch\/wp-content\/uploads\/2016\/03\/Akademieprogramm-2016.pdf\">Unendliches Erz\u00e4hlen. Moderne Mathematik in der Literatur des 20. Jahrhunderts,\u00a0<\/a>Seminar auf der\u00a0Sommerakademie der Studienstiftung in Neubeuern, 31.7. bis 13.8.16, mit\u00a0Andrea Albrecht, Christian Blohmann und Lutz Danneberg (<a href=\"https:\/\/fheh.org\/wp-content\/uploads\/2016\/08\/Seminarplan.pdf\">Seminarplan<\/a>)<\/p>\n<p><strong>Fr\u00fchere Seminare<\/strong><\/p>\n<p>Oberseminar an der Humboldt Universit\u00e4t<\/p>\n<p><a href=\"https:\/\/www.frias.uni-freiburg.de\/de\/das-institut\/archiv-frias\/school-of-lili\/veranstaltungen\/reading-group-lili-1\">FRIAS-Reading Group, Albert Ludwigs-Universit\u00e4t Freiburg<\/a><\/p>\n<p>&nbsp;<\/p>\n","protected":false},"excerpt":{"rendered":"<p>Aktuelle Seminare Freitagskolloquium in Stuttgart, Kontakt: Andrea Albrecht Unendliches Erz\u00e4hlen. Moderne Mathematik in der Literatur des 20. Jahrhunderts,\u00a0Seminar auf der\u00a0Sommerakademie der Studienstiftung in Neubeuern, 31.7. bis 13.8.16, mit\u00a0Andrea Albrecht, Christian Blohmann und Lutz Danneberg (Seminarplan) Fr\u00fchere Seminare Oberseminar an der Humboldt Universit\u00e4t FRIAS-Reading Group, Albert Ludwigs-Universit\u00e4t Freiburg &nbsp;<\/p>\n","protected":false},"author":1,"featured_media":0,"parent":2437,"menu_order":0,"comment_status":"closed","ping_status":"closed","template":"","meta":[],"_links":{"self":[{"href":"https:\/\/fheh.org\/index.php?rest_route=\/wp\/v2\/pages\/2455"}],"collection":[{"href":"https:\/\/fheh.org\/index.php?rest_route=\/wp\/v2\/pages"}],"about":[{"href":"https:\/\/fheh.org\/index.php?rest_route=\/wp\/v2\/types\/page"}],"author":[{"embeddable":true,"href":"https:\/\/fheh.org\/index.php?rest_route=\/wp\/v2\/users\/1"}],"replies":[{"embeddable":true,"href":"https:\/\/fheh.org\/index.php?rest_route=%2Fwp%2Fv2%2Fcomments&post=2455"}],"version-history":[{"count":1,"href":"https:\/\/fheh.org\/index.php?rest_route=\/wp\/v2\/pages\/2455\/revisions"}],"predecessor-version":[{"id":3129,"href":"https:\/\/fheh.org\/index.php?rest_route=\/wp\/v2\/pages\/2455\/revisions\/3129"}],"up":[{"embeddable":true,"href":"https:\/\/fheh.org\/index.php?rest_route=\/wp\/v2\/pages\/2437"}],"wp:attachment":[{"href":"https:\/\/fheh.org\/index.php?rest_route=%2Fwp%2Fv2%2Fmedia&parent=2455"}],"curies":[{"name":"wp","href":"https:\/\/api.w.org\/{rel}","templated":true}]}}