{"id":2279,"date":"2015-01-04T18:18:30","date_gmt":"2015-01-04T17:18:30","guid":{"rendered":"http:\/\/serverle.ilw.uni-stuttgart.de\/fheh\/?page_id=2279"},"modified":"2017-11-04T18:23:31","modified_gmt":"2017-11-04T17:23:31","slug":"spoerhase-carlos","status":"publish","type":"page","link":"https:\/\/fheh.org\/?page_id=2279","title":{"rendered":"Spoerhase, Carlos"},"content":{"rendered":"<p>Universit\u00e4t Bielefeld<br \/>\nFakult\u00e4t f\u00fcr Linguistik und Literaturwissenschaft<br \/>\nUniversit\u00e4tsstra\u00dfe 25, Raum C6-230<br \/>\nD-33615 Bielefeld<\/p>\n<p>E-Mail: carlos.spoerhase@uni-bielefeld.de<\/p>\n<p><a href=\"http:\/\/www.uni-bielefeld.de\/lili\/personen\/cspoerhase\/\">http:\/\/www.uni-bielefeld.de\/lili\/personen\/cspoerhase\/<\/a><\/p>\n","protected":false},"excerpt":{"rendered":"<p>Universit\u00e4t Bielefeld Fakult\u00e4t f\u00fcr Linguistik und Literaturwissenschaft Universit\u00e4tsstra\u00dfe 25, Raum C6-230 D-33615 Bielefeld E-Mail: carlos.spoerhase@uni-bielefeld.de http:\/\/www.uni-bielefeld.de\/lili\/personen\/cspoerhase\/<\/p>\n","protected":false},"author":1,"featured_media":0,"parent":66,"menu_order":28,"comment_status":"closed","ping_status":"closed","template":"","meta":[],"_links":{"self":[{"href":"https:\/\/fheh.org\/index.php?rest_route=\/wp\/v2\/pages\/2279"}],"collection":[{"href":"https:\/\/fheh.org\/index.php?rest_route=\/wp\/v2\/pages"}],"about":[{"href":"https:\/\/fheh.org\/index.php?rest_route=\/wp\/v2\/types\/page"}],"author":[{"embeddable":true,"href":"https:\/\/fheh.org\/index.php?rest_route=\/wp\/v2\/users\/1"}],"replies":[{"embeddable":true,"href":"https:\/\/fheh.org\/index.php?rest_route=%2Fwp%2Fv2%2Fcomments&post=2279"}],"version-history":[{"count":4,"href":"https:\/\/fheh.org\/index.php?rest_route=\/wp\/v2\/pages\/2279\/revisions"}],"predecessor-version":[{"id":3507,"href":"https:\/\/fheh.org\/index.php?rest_route=\/wp\/v2\/pages\/2279\/revisions\/3507"}],"up":[{"embeddable":true,"href":"https:\/\/fheh.org\/index.php?rest_route=\/wp\/v2\/pages\/66"}],"wp:attachment":[{"href":"https:\/\/fheh.org\/index.php?rest_route=%2Fwp%2Fv2%2Fmedia&parent=2279"}],"curies":[{"name":"wp","href":"https:\/\/api.w.org\/{rel}","templated":true}]}}