{"id":2276,"date":"2015-01-04T18:18:29","date_gmt":"2015-01-04T17:18:29","guid":{"rendered":"http:\/\/serverle.ilw.uni-stuttgart.de\/fheh\/?page_id=2276"},"modified":"2019-03-31T10:07:13","modified_gmt":"2019-03-31T08:07:13","slug":"schoenert-joerg","status":"publish","type":"page","link":"https:\/\/fheh.org\/?page_id=2276","title":{"rendered":"Sch\u00f6nert, J\u00f6rg"},"content":{"rendered":"<p style=\"color: #333333;\">Prof. Dr. J\u00f6rg Sch\u00f6nert, I.R.<\/p>\n<p style=\"color: #333333;\">Institut f\u00fcr Germanistik der Universit\u00e4t Hamburg<br \/>\u00dcberseering 35 #15<br \/>22297 Hamburg<\/p>\n<p style=\"color: #333333;\">Email: j.schoenert@uni-hamburg.de<\/p>\n<p style=\"color: #333333;\"><a href=\"https:\/\/fheh.org\/wp-content\/uploads\/2018\/07\/Schoenert_Akad_Lebenslauf.pdf\">Akademischer Lebenslauf<\/a><\/p>\n<p style=\"color: #333333;\"><a href=\"https:\/\/www.slm.uni-hamburg.de\/germanistik\/personen\/ehemalige\/schoenert.html\">Website Hamburg<\/a><\/p>\n<p><a href=\"https:\/\/fheh.org\/?page_id=3478\">Schriftenverzeichnis<\/a><\/p>\n\n\n<p><\/p>\n","protected":false},"excerpt":{"rendered":"<p>Prof. Dr. J\u00f6rg Sch\u00f6nert, I.R. Institut f\u00fcr Germanistik der Universit\u00e4t Hamburg\u00dcberseering 35 #1522297 Hamburg Email: j.schoenert@uni-hamburg.de Akademischer Lebenslauf Website Hamburg Schriftenverzeichnis<\/p>\n","protected":false},"author":1,"featured_media":0,"parent":66,"menu_order":25,"comment_status":"closed","ping_status":"closed","template":"","meta":[],"_links":{"self":[{"href":"https:\/\/fheh.org\/index.php?rest_route=\/wp\/v2\/pages\/2276"}],"collection":[{"href":"https:\/\/fheh.org\/index.php?rest_route=\/wp\/v2\/pages"}],"about":[{"href":"https:\/\/fheh.org\/index.php?rest_route=\/wp\/v2\/types\/page"}],"author":[{"embeddable":true,"href":"https:\/\/fheh.org\/index.php?rest_route=\/wp\/v2\/users\/1"}],"replies":[{"embeddable":true,"href":"https:\/\/fheh.org\/index.php?rest_route=%2Fwp%2Fv2%2Fcomments&post=2276"}],"version-history":[{"count":11,"href":"https:\/\/fheh.org\/index.php?rest_route=\/wp\/v2\/pages\/2276\/revisions"}],"predecessor-version":[{"id":3766,"href":"https:\/\/fheh.org\/index.php?rest_route=\/wp\/v2\/pages\/2276\/revisions\/3766"}],"up":[{"embeddable":true,"href":"https:\/\/fheh.org\/index.php?rest_route=\/wp\/v2\/pages\/66"}],"wp:attachment":[{"href":"https:\/\/fheh.org\/index.php?rest_route=%2Fwp%2Fv2%2Fmedia&parent=2276"}],"curies":[{"name":"wp","href":"https:\/\/api.w.org\/{rel}","templated":true}]}}