{"id":2243,"date":"2015-01-04T18:12:36","date_gmt":"2015-01-04T17:12:36","guid":{"rendered":"http:\/\/serverle.ilw.uni-stuttgart.de\/fheh\/?page_id=2243"},"modified":"2015-01-04T18:12:36","modified_gmt":"2015-01-04T17:12:36","slug":"koeppe-tilmann","status":"publish","type":"page","link":"https:\/\/fheh.org\/?page_id=2243","title":{"rendered":"K\u00f6ppe, Tilmann"},"content":{"rendered":"<p style=\"color: #333333;\"><span style=\"font-weight: inherit; font-style: inherit;\">Courant Forschungszentrum \u201eTextstrukturen\u201c<br \/>\nGeorg-August-Universit\u00e4t G\u00f6ttingen<br \/>\nNikolausberger Weg 23<br \/>\nD-37073 G\u00f6ttingen<br \/>\n<a style=\"font-weight: inherit; font-style: inherit; color: #333333;\" href=\"mailto:tilmann.koeppe@zentr.uni-goettingen.de\">tilmann.koeppe@zentr.uni-goettingen.de<\/a><\/span><\/p>\n<p style=\"color: #333333;\"><span style=\"font-weight: inherit; font-style: inherit;\"><a style=\"font-weight: inherit; font-style: inherit; color: #333333;\" href=\"http:\/\/www.uni-goettingen.de\/de\/prof-dr-tilmann-k%F6ppe-nwg-analytische-literaturwissenschaft\/200335.html\">http:\/\/www.uni-goettingen.de\/de\/prof-dr-tilmann-k\u00f6ppe-nwg-analytische-literaturwissenschaft\/200335.html<\/a><\/span><\/p>\n","protected":false},"excerpt":{"rendered":"<p>Courant Forschungszentrum \u201eTextstrukturen\u201c Georg-August-Universit\u00e4t G\u00f6ttingen Nikolausberger Weg 23 D-37073 G\u00f6ttingen tilmann.koeppe@zentr.uni-goettingen.de http:\/\/www.uni-goettingen.de\/de\/prof-dr-tilmann-k\u00f6ppe-nwg-analytische-literaturwissenschaft\/200335.html<\/p>\n","protected":false},"author":1,"featured_media":0,"parent":66,"menu_order":10,"comment_status":"closed","ping_status":"closed","template":"","meta":[],"_links":{"self":[{"href":"https:\/\/fheh.org\/index.php?rest_route=\/wp\/v2\/pages\/2243"}],"collection":[{"href":"https:\/\/fheh.org\/index.php?rest_route=\/wp\/v2\/pages"}],"about":[{"href":"https:\/\/fheh.org\/index.php?rest_route=\/wp\/v2\/types\/page"}],"author":[{"embeddable":true,"href":"https:\/\/fheh.org\/index.php?rest_route=\/wp\/v2\/users\/1"}],"replies":[{"embeddable":true,"href":"https:\/\/fheh.org\/index.php?rest_route=%2Fwp%2Fv2%2Fcomments&post=2243"}],"version-history":[{"count":1,"href":"https:\/\/fheh.org\/index.php?rest_route=\/wp\/v2\/pages\/2243\/revisions"}],"predecessor-version":[{"id":3266,"href":"https:\/\/fheh.org\/index.php?rest_route=\/wp\/v2\/pages\/2243\/revisions\/3266"}],"up":[{"embeddable":true,"href":"https:\/\/fheh.org\/index.php?rest_route=\/wp\/v2\/pages\/66"}],"wp:attachment":[{"href":"https:\/\/fheh.org\/index.php?rest_route=%2Fwp%2Fv2%2Fmedia&parent=2243"}],"curies":[{"name":"wp","href":"https:\/\/api.w.org\/{rel}","templated":true}]}}