{"id":2231,"date":"2015-01-04T18:08:07","date_gmt":"2015-01-04T17:08:07","guid":{"rendered":"http:\/\/serverle.ilw.uni-stuttgart.de\/fheh\/?page_id=2231"},"modified":"2015-01-04T18:08:07","modified_gmt":"2015-01-04T17:08:07","slug":"interdisziplinaeres-centrum-fuer-narratologie-universitaet-hamburg","status":"publish","type":"page","link":"https:\/\/fheh.org\/?page_id=2231","title":{"rendered":"Interdisziplin\u00e4res Centrum f\u00fcr Narratologie (Universit\u00e4t Hamburg)"},"content":{"rendered":"<p style=\"color: #333333;\">Das Interdisziplin\u00e4re Centrum f\u00fcr Narratologie wurde am 1. April 2004 gegr\u00fcndet, um das Forschungspotential der Forschergruppe Narratologie und ihr Internet-Portal NarrPort f\u00fcr die Universit\u00e4t Hamburg und die Wissenschaftswelt zu erhalten und weiter auszubauen.<\/p>\n<p style=\"color: #333333;\">Das ICN befasst sich als interdisziplin\u00e4re Einrichtung mit narrativen Ph\u00e4nomen, die in den verschiedenen Medien \u2013 beispielsweise in Texten, Bildern und Filmen \u2013 sowie in unterschiedlichen Praxisformen, in faktualen und fiktionalen Zusammenh\u00e4ngen manifest werden k\u00f6nnen. Dabei werden zun\u00e4chst vier Arbeitsbereiche angelegt:<\/p>\n<ol style=\"color: #333333;\">\n<li style=\"font-weight: inherit; font-style: inherit;\">F\u00f6rderung und Koordination von Forschungsprojekten, Fachkonferenzen und Fachpublikationen,<\/li>\n<li style=\"font-weight: inherit; font-style: inherit;\">Erhalt und Ausbau des Internet-Portals \u201aNarrPort\u2018,<\/li>\n<li style=\"font-weight: inherit; font-style: inherit;\">Kooperative Planung und Koordination von narratologischen Lehrveranstaltungen an der Universit\u00e4t Hamburg und \u2013 netzgest\u00fctzt \u2013 im internationalen Bereich,<\/li>\n<li style=\"font-weight: inherit; font-style: inherit;\">Projekt eines webbasierten \u201aHandbook of Narratology\u2018.<\/li>\n<\/ol>\n<p style=\"color: #333333;\">Internet:\u00a0<a style=\"font-weight: inherit; font-style: inherit; color: #333333;\" href=\"http:\/\/www.icn.uni-hamburg.de\/\" target=\"_blank\">http:\/\/www.icn.uni-hamburg.de\/<\/a><\/p>\n","protected":false},"excerpt":{"rendered":"<p>Das Interdisziplin\u00e4re Centrum f\u00fcr Narratologie wurde am 1. April 2004 gegr\u00fcndet, um das Forschungspotential der Forschergruppe Narratologie und ihr Internet-Portal NarrPort f\u00fcr die Universit\u00e4t Hamburg und die Wissenschaftswelt zu erhalten und weiter auszubauen. Das ICN befasst sich als interdisziplin\u00e4re Einrichtung mit narrativen Ph\u00e4nomen, die in den verschiedenen Medien \u2013 beispielsweise in Texten, Bildern und Filmen [&hellip;]<\/p>\n","protected":false},"author":1,"featured_media":0,"parent":70,"menu_order":6,"comment_status":"closed","ping_status":"closed","template":"","meta":[],"_links":{"self":[{"href":"https:\/\/fheh.org\/index.php?rest_route=\/wp\/v2\/pages\/2231"}],"collection":[{"href":"https:\/\/fheh.org\/index.php?rest_route=\/wp\/v2\/pages"}],"about":[{"href":"https:\/\/fheh.org\/index.php?rest_route=\/wp\/v2\/types\/page"}],"author":[{"embeddable":true,"href":"https:\/\/fheh.org\/index.php?rest_route=\/wp\/v2\/users\/1"}],"replies":[{"embeddable":true,"href":"https:\/\/fheh.org\/index.php?rest_route=%2Fwp%2Fv2%2Fcomments&post=2231"}],"version-history":[{"count":1,"href":"https:\/\/fheh.org\/index.php?rest_route=\/wp\/v2\/pages\/2231\/revisions"}],"predecessor-version":[{"id":3286,"href":"https:\/\/fheh.org\/index.php?rest_route=\/wp\/v2\/pages\/2231\/revisions\/3286"}],"up":[{"embeddable":true,"href":"https:\/\/fheh.org\/index.php?rest_route=\/wp\/v2\/pages\/70"}],"wp:attachment":[{"href":"https:\/\/fheh.org\/index.php?rest_route=%2Fwp%2Fv2%2Fmedia&parent=2231"}],"curies":[{"name":"wp","href":"https:\/\/api.w.org\/{rel}","templated":true}]}}