{"id":2230,"date":"2015-01-04T18:08:07","date_gmt":"2015-01-04T17:08:07","guid":{"rendered":"http:\/\/serverle.ilw.uni-stuttgart.de\/fheh\/?page_id=2230"},"modified":"2017-12-09T13:18:38","modified_gmt":"2017-12-09T12:18:38","slug":"forschungsstelle-savoirs-textes-langage-universitaet-lille-iii","status":"publish","type":"page","link":"https:\/\/fheh.org\/?page_id=2230","title":{"rendered":"Forschungsstelle Savoirs, textes, langage (Universit\u00e4t Lille III)"},"content":{"rendered":"<p style=\"color: #333333;\">La recherche \u00e0 l\u2019int\u00e9rieur de l\u2019UMR Savoirs, textes, langage est structur\u00e9e en quatre grands domaines, comportant chacun trois \u00e0 quatre th\u00e9matiques.<\/p>\n<p style=\"color: #333333;\"><span style=\"font-weight: bold; font-style: inherit; color: #666666;\">A. Syntaxe, Interpr\u00e9tation, Lexique, Acquisition (responsable : Georgette Dal)<\/span><\/p>\n<p style=\"color: #333333;\">Th\u00e9matique 1 : Phonologie et Morphologie : Structures, Interfaces et Interpr\u00e9tation (resp. : Sabrina Bendjaballah et Georgette Dal)<br \/>\nTh\u00e9matique 2 : Syntaxe et S\u00e9mantique : forme et interpr\u00e9tation (resp. : Maarten Lemmens et Marleen Van Peteghem).<br \/>\nTh\u00e9matique 3 : Lexicographie, Terminographie et Traitement Automatique des Langues (resp. : Pierre Corbin et Nathalie Gasiglia)<br \/>\nTh\u00e9matique 4 : Acquisition et didactique des langues premi\u00e8res et secondes (resp. : Emmanuelle Mathiot)<\/p>\n<p style=\"color: #333333;\"><span style=\"font-weight: bold; font-style: inherit; color: #666666;\">B. Formes et interpr\u00e9tations des discours po\u00e9tiques et philosophiques de l\u2019antiquit\u00e9 grecque et latine (responsable : Philippe Rousseau)<\/span><\/p>\n<p style=\"color: #333333;\">Th\u00e9matique 1 : Formes des discours po\u00e9tiques dans l\u2019Antiquit\u00e9 classique et leurs interpr\u00e9tations (resp. : Fabienne Blaise et Philippe Rousseau)<br \/>\nTh\u00e9matique 2 : Formes de l\u2019argumentation et de la tradition philosophiques dans l\u2019Antiquit\u00e9 (resp. : Andr\u00e9 Laks).<br \/>\nTh\u00e9matique 3 : R\u00e9ception et interpr\u00e9tation humanistes de la pens\u00e9e antique (resp. : Laurence Boul\u00e8gue)<\/p>\n<p style=\"color: #333333;\"><span style=\"font-weight: bold; font-style: inherit; color: #666666;\">C. Concepts et pratiques philosophiques (responsable : Denis Thouard)<\/span><\/p>\n<p style=\"color: #333333;\">Th\u00e9matique 1 : Ethique, droit et soci\u00e9t\u00e9 (resp. : Patrice Canivez)<br \/>\nTh\u00e9matique 2 : Sciences de la culture et herm\u00e9neutique (resp. : Christian Berner et Denis Thouard)<br \/>\nTh\u00e9matique 3 : Esth\u00e9tique : art, critique, th\u00e9orie (resp. : Anne Boissi\u00e8re et Catherine Kintzler)<br \/>\nTh\u00e9matique 4 : Logique et argumentation (resp. : Shahid Rahman)<\/p>\n<p style=\"color: #333333;\"><span style=\"font-weight: bold; font-style: inherit; color: #666666;\">D. Diff\u00e9renciations et mutations des savoirs (responsable : Bernard Maitte)<\/span><\/p>\n<p style=\"color: #333333;\">Th\u00e9matique 1 : Les savoirs de la premi\u00e8re modernit\u00e9 (resp. : Bernard Joly)<br \/>\nTh\u00e9matique 2 : Diff\u00e9renciations et mutations dans les sciences apr\u00e8s la premi\u00e8re modernit\u00e9 (resp. : Pierre Cassou-Nogu\u00e8s)<br \/>\nTh\u00e9matique 3 : Savoirs et pratiques de pens\u00e9e : sciences humaines, litt\u00e9rature (resp. : Philippe Sabot)<br \/>\nTh\u00e9matique 4 : Probl\u00e8mes, moments et figures de la philosophie contemporaine (resp. : Fr\u00e9d\u00e9ric Worms)<\/p>\n<p style=\"color: #333333;\">Kontakt:\u00a0<a style=\"font-weight: inherit; font-style: inherit; color: #333333;\" title=\"Thouard, Denis\" href=\"https:\/\/fheh.org\/?page_id=2294\">Denis Thouard<\/a><\/p>\n","protected":false},"excerpt":{"rendered":"<p>La recherche \u00e0 l\u2019int\u00e9rieur de l\u2019UMR Savoirs, textes, langage est structur\u00e9e en quatre grands domaines, comportant chacun trois \u00e0 quatre th\u00e9matiques. A. Syntaxe, Interpr\u00e9tation, Lexique, Acquisition (responsable : Georgette Dal) Th\u00e9matique 1 : Phonologie et Morphologie : Structures, Interfaces et Interpr\u00e9tation (resp. : Sabrina Bendjaballah et Georgette Dal) Th\u00e9matique 2 : Syntaxe et S\u00e9mantique : [&hellip;]<\/p>\n","protected":false},"author":1,"featured_media":0,"parent":70,"menu_order":5,"comment_status":"closed","ping_status":"closed","template":"","meta":[],"_links":{"self":[{"href":"https:\/\/fheh.org\/index.php?rest_route=\/wp\/v2\/pages\/2230"}],"collection":[{"href":"https:\/\/fheh.org\/index.php?rest_route=\/wp\/v2\/pages"}],"about":[{"href":"https:\/\/fheh.org\/index.php?rest_route=\/wp\/v2\/types\/page"}],"author":[{"embeddable":true,"href":"https:\/\/fheh.org\/index.php?rest_route=\/wp\/v2\/users\/1"}],"replies":[{"embeddable":true,"href":"https:\/\/fheh.org\/index.php?rest_route=%2Fwp%2Fv2%2Fcomments&post=2230"}],"version-history":[{"count":2,"href":"https:\/\/fheh.org\/index.php?rest_route=\/wp\/v2\/pages\/2230\/revisions"}],"predecessor-version":[{"id":3526,"href":"https:\/\/fheh.org\/index.php?rest_route=\/wp\/v2\/pages\/2230\/revisions\/3526"}],"up":[{"embeddable":true,"href":"https:\/\/fheh.org\/index.php?rest_route=\/wp\/v2\/pages\/70"}],"wp:attachment":[{"href":"https:\/\/fheh.org\/index.php?rest_route=%2Fwp%2Fv2%2Fmedia&parent=2230"}],"curies":[{"name":"wp","href":"https:\/\/api.w.org\/{rel}","templated":true}]}}