{"id":2226,"date":"2015-01-04T18:08:07","date_gmt":"2015-01-04T17:08:07","guid":{"rendered":"http:\/\/serverle.ilw.uni-stuttgart.de\/fheh\/?page_id=2226"},"modified":"2015-01-04T18:08:07","modified_gmt":"2015-01-04T17:08:07","slug":"arbeitsstelle-fuer-theorie-der-literatur-universitaet-goettingen","status":"publish","type":"page","link":"https:\/\/fheh.org\/?page_id=2226","title":{"rendered":"Arbeitsstelle f\u00fcr Theorie der Literatur (Universit\u00e4t G\u00f6ttingen)"},"content":{"rendered":"<p style=\"color: #333333;\">Die Arbeitsstelle f\u00fcr Theorie der Literatur am Seminar f\u00fcr Deutsche Philologie der Universit\u00e4t G\u00f6ttingen existiert seit 2004. Sie soll dazu beitragen,<\/p>\n<ul style=\"color: #333333;\">\n<li style=\"font-weight: inherit; font-style: inherit;\">Projekte im Bereich der literaturwissenschaftlichen Grundlagenforschung anzuregen und zu unterst\u00fctzen<\/li>\n<li style=\"font-weight: inherit; font-style: inherit;\">Forschungen im Bereich der Literaturtheorie zusammenzuf\u00fchren<\/li>\n<li style=\"font-weight: inherit; font-style: inherit;\">geeignete Hilfsmittel zur Verf\u00fcgung zu stellen, um literaturtheoretische Studien zu unterst\u00fctzen<\/li>\n<li style=\"font-weight: inherit; font-style: inherit;\">in der Lehre den G\u00f6ttinger Studierenden literaturtheoretisches Problembewusstsein und Wissen zu vermitteln<\/li>\n<\/ul>\n<p style=\"color: #333333;\">Die Arbeitsstelle soll eine Plattform bilden, um Lehrveranstaltungen zu Themen der Literaturtheorie zu koordinieren, wissenschaftliche Tagungen zu organisieren und Drittmittel einzuwerben. Sie soll dar\u00fcber hinaus eine Anlaufstelle f\u00fcr alle an Literaturtheorie Interessierte sein.<br \/>\nDie Arbeitsstelle steht f\u00fcr einen integrativen Ansatz auf der Basis einer analytischen Grundorientierung.<\/p>\n<p style=\"color: #333333;\">Die Mitarbeiterinnen und Mitarbeiter der Arbeitsstelle besch\u00e4ftigen sich mit folgenden Themenbereichen bzw. werden sie in den kommenden Jahren ausf\u00fchrlicher behandeln: mit der Theoriebildung der Literaturwissenschaft, der Analyse und Explikation literaturwissenschaftlicher Grundbegriffe, der Argumentationsanalyse, mit einzelnen literaturtheoretischen Problemfeldern (Literaturbegriff, Fiktionalit\u00e4t, Methoden, Narratologie u.a.) sowie dem Verh\u00e4ltnis zu theoretischen Ans\u00e4tzen der Nachbardisziplinen.<\/p>\n<p style=\"color: #333333;\">Kontakt:\u00a0<a style=\"font-weight: inherit; font-style: inherit; color: #333333;\" href=\"http:\/\/www.simonewinko.de\/\">Simone Winko<\/a><\/p>\n<p style=\"color: #333333;\">Link:\u00a0<a href=\"https:\/\/www.uni-goettingen.de\/de\/70702.html\" target=\"_blank\">Arbeitsstelle f\u00fcr Theorie der Literatur<\/a><\/p>\n","protected":false},"excerpt":{"rendered":"<p>Die Arbeitsstelle f\u00fcr Theorie der Literatur am Seminar f\u00fcr Deutsche Philologie der Universit\u00e4t G\u00f6ttingen existiert seit 2004. Sie soll dazu beitragen, Projekte im Bereich der literaturwissenschaftlichen Grundlagenforschung anzuregen und zu unterst\u00fctzen Forschungen im Bereich der Literaturtheorie zusammenzuf\u00fchren geeignete Hilfsmittel zur Verf\u00fcgung zu stellen, um literaturtheoretische Studien zu unterst\u00fctzen in der Lehre den G\u00f6ttinger Studierenden literaturtheoretisches [&hellip;]<\/p>\n","protected":false},"author":1,"featured_media":0,"parent":70,"menu_order":2,"comment_status":"closed","ping_status":"closed","template":"","meta":[],"_links":{"self":[{"href":"https:\/\/fheh.org\/index.php?rest_route=\/wp\/v2\/pages\/2226"}],"collection":[{"href":"https:\/\/fheh.org\/index.php?rest_route=\/wp\/v2\/pages"}],"about":[{"href":"https:\/\/fheh.org\/index.php?rest_route=\/wp\/v2\/types\/page"}],"author":[{"embeddable":true,"href":"https:\/\/fheh.org\/index.php?rest_route=\/wp\/v2\/users\/1"}],"replies":[{"embeddable":true,"href":"https:\/\/fheh.org\/index.php?rest_route=%2Fwp%2Fv2%2Fcomments&post=2226"}],"version-history":[{"count":1,"href":"https:\/\/fheh.org\/index.php?rest_route=\/wp\/v2\/pages\/2226\/revisions"}],"predecessor-version":[{"id":3282,"href":"https:\/\/fheh.org\/index.php?rest_route=\/wp\/v2\/pages\/2226\/revisions\/3282"}],"up":[{"embeddable":true,"href":"https:\/\/fheh.org\/index.php?rest_route=\/wp\/v2\/pages\/70"}],"wp:attachment":[{"href":"https:\/\/fheh.org\/index.php?rest_route=%2Fwp%2Fv2%2Fmedia&parent=2226"}],"curies":[{"name":"wp","href":"https:\/\/api.w.org\/{rel}","templated":true}]}}