{"id":1636,"date":"2015-01-04T17:20:47","date_gmt":"2015-01-04T16:20:47","guid":{"rendered":"http:\/\/serverle.ilw.uni-stuttgart.de\/fheh\/?page_id=1636"},"modified":"2015-01-04T17:20:47","modified_gmt":"2015-01-04T16:20:47","slug":"geist-im-buch-historische-formen-und-funktionen-des-buches-in-den-geisteswissenschaften","status":"publish","type":"page","link":"https:\/\/fheh.org\/?page_id=1636","title":{"rendered":"Geist im Buch: Historische Formen und Funktionen des Buches in den Geisteswissenschaften"},"content":{"rendered":"<div class=\"entry-content\" style=\"color: #333333;\">\n<p style=\"font-weight: inherit; font-style: inherit;\">ARBEITSTAGUNG AN DER HUMBOLDT-UNIVERSIT\u00c4T ZU BERLIN, 3.-5.4.2014<\/p>\n<p style=\"font-weight: inherit; font-style: inherit;\">\u00dcber das geisteswissenschaftliche Buch wird viel diskutiert und wenig geforscht, ganz im Gegenteil zum naturwissenschaftlichen Buch, dem in j\u00fcngerer Zeit das umgekehrte Schicksal zuteil wurde. Diese Situation ist umso erstaunlicher, als die aktuellen Auseinandersetzungen \u00fcber die Gegenwart und Zukunft des geisteswissenschaftlichen Buches im digitalen Zeitalter von historischen Vorannahmen geleitet sind, die einer genaueren Pr\u00fcfung harren. Es dr\u00e4ngt sich daher auf, die Geschichte des geisteswissenschaftlichen Buches im Rahmen eines dreit\u00e4gigen internationalen Arbeitsgespr\u00e4chs an der Humboldt-Universit\u00e4t zu Berlin umfassend in den Blick zu nehmen und damit einen Beitrag zur Versachlichung der Diskussion zu leisten.<\/p>\n<p style=\"font-weight: inherit; font-style: inherit;\"><span id=\"more-242\" style=\"font-weight: inherit; font-style: inherit;\"><\/span><br \/>\nDas Ziel des Arbeitsgespr\u00e4chs ist es, eine realistische Einsch\u00e4tzung der Formen und Funktionen des geisteswissenschaftlichen Kodex vom 17. bis zum fr\u00fchen 21. Jahrhundert zu erm\u00f6glichen. Dazu sollen nicht nur ihre rechtlichen, \u00f6konomischen, politischen und medialen Voraussetzungen behandelt, sondern auch Vergleiche mit den Konjunkturen anderer Literaturgattungen sowie mit den Publikationsformen anderer Fachrichtungen angestellt werden. Mit diesem breiten Zugang verbindet das Arbeitsgespr\u00e4ch die Absicht, die Frage nach einer \u201eKrise des Kodex\u201c in unserer Zeit von einer allzu einseitigen Fixierung auf die digitale Revolution zu l\u00f6sen und f\u00fcr andere Faktoren \u2013 wie den Einfluss der publizistischen Praktiken in den Natur- und Technikwissenschaften \u2013 zu \u00f6ffnen.<\/p>\n<p style=\"font-weight: inherit; font-style: inherit;\">PROGRAMM:\u00a0<a style=\"font-weight: inherit; font-style: inherit; color: #333333;\" href=\"http:\/\/geistimbuch.wordpress.com\/\">http:\/\/geistimbuch.wordpress.com\/<\/a><\/p>\n<\/div>\n","protected":false},"excerpt":{"rendered":"<p>ARBEITSTAGUNG AN DER HUMBOLDT-UNIVERSIT\u00c4T ZU BERLIN, 3.-5.4.2014 \u00dcber das geisteswissenschaftliche Buch wird viel diskutiert und wenig geforscht, ganz im Gegenteil zum naturwissenschaftlichen Buch, dem in j\u00fcngerer Zeit das umgekehrte Schicksal zuteil wurde. Diese Situation ist umso erstaunlicher, als die aktuellen Auseinandersetzungen \u00fcber die Gegenwart und Zukunft des geisteswissenschaftlichen Buches im digitalen Zeitalter von historischen Vorannahmen [&hellip;]<\/p>\n","protected":false},"author":1,"featured_media":0,"parent":1587,"menu_order":0,"comment_status":"closed","ping_status":"closed","template":"","meta":[],"_links":{"self":[{"href":"https:\/\/fheh.org\/index.php?rest_route=\/wp\/v2\/pages\/1636"}],"collection":[{"href":"https:\/\/fheh.org\/index.php?rest_route=\/wp\/v2\/pages"}],"about":[{"href":"https:\/\/fheh.org\/index.php?rest_route=\/wp\/v2\/types\/page"}],"author":[{"embeddable":true,"href":"https:\/\/fheh.org\/index.php?rest_route=\/wp\/v2\/users\/1"}],"replies":[{"embeddable":true,"href":"https:\/\/fheh.org\/index.php?rest_route=%2Fwp%2Fv2%2Fcomments&post=1636"}],"version-history":[{"count":1,"href":"https:\/\/fheh.org\/index.php?rest_route=\/wp\/v2\/pages\/1636\/revisions"}],"predecessor-version":[{"id":3249,"href":"https:\/\/fheh.org\/index.php?rest_route=\/wp\/v2\/pages\/1636\/revisions\/3249"}],"up":[{"embeddable":true,"href":"https:\/\/fheh.org\/index.php?rest_route=\/wp\/v2\/pages\/1587"}],"wp:attachment":[{"href":"https:\/\/fheh.org\/index.php?rest_route=%2Fwp%2Fv2%2Fmedia&parent=1636"}],"curies":[{"name":"wp","href":"https:\/\/api.w.org\/{rel}","templated":true}]}}