{"id":1412,"date":"2015-01-04T17:09:39","date_gmt":"2015-01-04T16:09:39","guid":{"rendered":"http:\/\/serverle.ilw.uni-stuttgart.de\/fheh\/?page_id=1412"},"modified":"2015-01-04T17:09:39","modified_gmt":"2015-01-04T16:09:39","slug":"handlungstheoretische-grundlagen-der-textinterpretation","status":"publish","type":"page","link":"https:\/\/fheh.org\/?page_id=1412","title":{"rendered":"Handlungstheoretische Grundlagen der Textinterpretation"},"content":{"rendered":"<div class=\"entry-content\" style=\"color: #333333;\">\n<p style=\"font-weight: inherit; font-style: inherit;\"><span style=\"font-weight: bold; font-style: inherit; color: #666666;\">Bearbeitung: Tilmann K\u00f6ppe<\/span><\/p>\n<p style=\"font-weight: inherit; font-style: inherit;\">Interpretationstheorien befassen sich unter anderem mit den Standards, anhand derer sich die Gelungenheit oder G\u00fcte von Interpretationen absch\u00e4tzen l\u00e4sst. Prima facie scheinen die in den Literaturwissenschaften konkurrierenden Interpretationsprogramme unterschiedlichen Standards verpflichtet zu sein, was den Ansatz-\u00fcbergreifenden Vergleich von Interpretationen erschwert. Es ist jedoch zu pr\u00fcfen, ob sich auf der Grundlage handlungstheoretischer \u00dcberlegungen nicht grundlegende und programmneutrale Standards f\u00fcr die Evaluation von Interpretationen gewinnen lassen. Dieser Ansatz fu\u00dft auf der Annahme, dass alle Interpretationen \u2013 unabh\u00e4ngig vom gew\u00e4hlten Ansatz \u2013 einer handlungstheoretischen Beschreibung zug\u00e4nglich sind. Im Rahmen des Forschungsprojektes sollen zun\u00e4chst entsprechende handlungstheoretische Grundlagen entfaltet und in einem zweiten Schritt auf Interpretationshandlungen \u00fcbertragen werden. Ein besonderes Interesse gilt dabei der Frage, wie sich unterschiedliche Typen rationaler Handlungskritik auf Interpretationshandlungen anwenden lassen.<\/p>\n<p style=\"font-weight: inherit; font-style: inherit;\">Vorarbeiten:<\/p>\n<p style=\"font-weight: inherit; font-style: inherit;\">Christoph Dennerlein\/ Tilmann K\u00f6ppe\/ Jan C. Werner: Interpretation: Struktur und Evaluation in handlungstheoretischer Perspektive. In: Journal of Literary Theory 2 (2008), 1-18.<\/p>\n<p style=\"font-weight: inherit; font-style: inherit;\">Kontakt:\u00a0<a style=\"font-weight: inherit; font-style: inherit; color: #333333;\" title=\"Koeppe, Tilmann\" href=\"https:\/\/fheh.org\/?page_id=2243\">Tilmann K\u00f6ppe<\/a><\/p>\n<\/div>\n","protected":false},"excerpt":{"rendered":"<p>Bearbeitung: Tilmann K\u00f6ppe Interpretationstheorien befassen sich unter anderem mit den Standards, anhand derer sich die Gelungenheit oder G\u00fcte von Interpretationen absch\u00e4tzen l\u00e4sst. Prima facie scheinen die in den Literaturwissenschaften konkurrierenden Interpretationsprogramme unterschiedlichen Standards verpflichtet zu sein, was den Ansatz-\u00fcbergreifenden Vergleich von Interpretationen erschwert. Es ist jedoch zu pr\u00fcfen, ob sich auf der Grundlage handlungstheoretischer \u00dcberlegungen [&hellip;]<\/p>\n","protected":false},"author":1,"featured_media":0,"parent":38,"menu_order":1,"comment_status":"closed","ping_status":"closed","template":"","meta":[],"_links":{"self":[{"href":"https:\/\/fheh.org\/index.php?rest_route=\/wp\/v2\/pages\/1412"}],"collection":[{"href":"https:\/\/fheh.org\/index.php?rest_route=\/wp\/v2\/pages"}],"about":[{"href":"https:\/\/fheh.org\/index.php?rest_route=\/wp\/v2\/types\/page"}],"author":[{"embeddable":true,"href":"https:\/\/fheh.org\/index.php?rest_route=\/wp\/v2\/users\/1"}],"replies":[{"embeddable":true,"href":"https:\/\/fheh.org\/index.php?rest_route=%2Fwp%2Fv2%2Fcomments&post=1412"}],"version-history":[{"count":1,"href":"https:\/\/fheh.org\/index.php?rest_route=\/wp\/v2\/pages\/1412\/revisions"}],"predecessor-version":[{"id":3238,"href":"https:\/\/fheh.org\/index.php?rest_route=\/wp\/v2\/pages\/1412\/revisions\/3238"}],"up":[{"embeddable":true,"href":"https:\/\/fheh.org\/index.php?rest_route=\/wp\/v2\/pages\/38"}],"wp:attachment":[{"href":"https:\/\/fheh.org\/index.php?rest_route=%2Fwp%2Fv2%2Fmedia&parent=1412"}],"curies":[{"name":"wp","href":"https:\/\/api.w.org\/{rel}","templated":true}]}}